{"id":3101,"date":"2024-12-10T15:38:41","date_gmt":"2024-12-10T15:38:41","guid":{"rendered":"https:\/\/aykasa.com\/product\/maxi-kutu-pasif-kilit-60x40x18\/"},"modified":"2024-12-28T11:43:47","modified_gmt":"2024-12-28T11:43:47","slug":"maxi-kasa-pasif-kilit-60x40x18","status":"publish","type":"product","link":"https:\/\/aykasa.com\/tr\/product\/maxi-kasa-pasif-kilit-60x40x18\/","title":{"rendered":"Maxi Kasa Pasif Kilit 60x40x18"},"content":{"rendered":"<p>\u015e\u0131k tasar\u0131mlar\u0131 evinize modern bir dokunu\u015f katarak \u00e7e\u015fitli dekor stilleriyle kusursuz bir uyum sa\u011flar. Bir dizi canl\u0131 renk se\u00e7ene\u011fiyle bu kasalar, depolama \u00e7\u00f6z\u00fcmlerinize ki\u015filik katman\u0131za olanak tan\u0131r. Aykasa Maxibox Katlanabilir Kasalar, dolab\u0131n\u0131z\u0131 d\u00fczenlemekten oyuncaklar\u0131 veya yiyecekleri organize etmeye kadar ya\u015fam tarz\u0131n\u0131za uygun \u00e7ok y\u00f6nl\u00fc depolama se\u00e7enekleri sunar. Katlanabilir bir tasar\u0131ma sahip olan bu kasalar, kullan\u0131lmad\u0131\u011f\u0131nda zahmetsizce katlanarak alan\u0131 en \u00fcst d\u00fczeye \u00e7\u0131kar\u0131r ve kolay saklama sa\u011flar. \u0130ster evde, ister ofiste, ister hareket halinde kullan\u0131n, Aykasa Maxibox Katlanabilir Kasalar rahatl\u0131k ve pratiklik i\u00e7in tasarlanm\u0131\u015ft\u0131r. G\u00fcnl\u00fck a\u015f\u0131nma ve y\u0131pranmaya dayanacak \u015fekilde \u00fcretilen bu kasalar, \u015f\u0131k g\u00f6r\u00fcn\u00fcmlerini korurken depolama ihtiya\u00e7lar\u0131n\u0131z\u0131 kar\u015f\u0131layacak kadar sa\u011flamd\u0131r. Aykasa Maxibox Katlanabilir Kasalar ile dayan\u0131ks\u0131z saklama kutular\u0131na veda edin ve dayan\u0131kl\u0131, \u015f\u0131k bir d\u00fczene merhaba deyin. Aykasa Maxibox Katlanabilir Kasalar ile depolama oyununuzu y\u00fckseltin ve i\u015flevsellik ile modan\u0131n m\u00fckemmel kar\u0131\u015f\u0131m\u0131n\u0131 deneyimleyin. \u00c7evreye duyarl\u0131 bu depolama \u00e7\u00f6z\u00fcmleriyle \u00e7evresel ayak izinizi azalt\u0131rken hayat\u0131n\u0131z\u0131 basitle\u015ftirin. \u015eimdi al\u0131\u015fveri\u015f yap\u0131n ve Aykasa Maxibox Katlanabilir Kasalar ile mekan\u0131n\u0131z\u0131 d\u00f6n\u00fc\u015ft\u00fcr\u00fcn. \u00c7evre dostu: %100 geri d\u00f6n\u00fc\u015ft\u00fcr\u00fclebilir malzemeden (PP) \u00fcretilmi\u015ftir<br \/>\nHi\u00e7bir zararl\u0131 madde i\u00e7ermez, \u00e7ocuklar i\u00e7in g\u00fcvenlidir<br \/>\nAB g\u0131da g\u00fcvenli\u011fi standartlar\u0131na uygundur<br \/>\nKatlanabilir, istiflenebilir ve dayan\u0131kl\u0131d\u0131r<br \/>\nT\u00fcm b\u00f6lmeler \u00e7\u0131kar\u0131labilir ve y\u0131kanabilir.<\/p>\n","protected":false},"excerpt":{"rendered":"<p>Bu boyut, g\u0131da lojisti\u011fi<br \/>\nB2B sipari\u015fleri \u00fczerine \u00fcretilir ve ev \u00fcr\u00fcnlerinde aktif de\u011fildir.<\/p>\n<table class=\"table table-striped\" style=\"font-size: 15px;\">\n<thead>\n<tr>\n<th scope=\"col\">Maxi-Box Pasif Kilit<\/th>\n<th scope=\"col\"><\/th>\n<\/tr>\n<\/thead>\n<tbody>\n<tr>\n<th scope=\"row\">D\u0131\u015f Boyutlar (mm) (G x G x Y)<\/th>\n<td>600 x 400 x 180<\/td>\n<\/tr>\n<tr>\n<th scope=\"row\">\u0130\u00e7 Boyutlar (mm) (G x G x Y)<\/th>\n<td>570 x 370 x 170<\/td>\n<\/tr>\n<tr>\n<th scope=\"row\">Katlanm\u0131\u015f Kutu Y\u00fcksekli\u011fi (mm)<\/th>\n<td>36<\/td>\n<\/tr>\n<tr>\n<th scope=\"row\">Hacim (lt)<\/th>\n<td>38,85<\/td>\n<\/tr>\n<tr>\n<th scope=\"row\">Y\u00fckleme Kapasitesi (kg)<\/th>\n<td>18<\/td>\n<\/tr>\n<tr>\n<th scope=\"row\">Dara A\u011f\u0131rl\u0131\u011f\u0131 (gr)<\/th>\n<td>1,650<\/td>\n<\/tr>\n<tr>\n<th scope=\"row\">Katmanlar**<\/th>\n<td>12<\/td>\n<\/tr>\n<tr>\n<th scope=\"row\">Katland\u0131\u011f\u0131nda Europallet \u00dczerindeki Katmanlar<\/th>\n<td>48<\/td>\n<\/tr>\n<tr>\n<th scope=\"row\">Katland\u0131\u011f\u0131nda ISO Palet \u00dczerindeki Katmanlar<\/th>\n<td>60<\/td>\n<\/tr>\n<tr>\n<th scope=\"row\">Europalet \u00dczerindeki Katlanm\u0131\u015f Kasalar\u0131n Birimleri**<\/th>\n<td>260<\/td>\n<\/tr>\n<tr>\n<th scope=\"row\">ISO Palet \u00dczerindeki Katlanm\u0131\u015f Kasalar\u0131n Birimleri**<\/th>\n<td>325<\/td>\n<\/tr>\n<tr>\n<th scope=\"row\">Katland\u0131\u011f\u0131nda Tasarruf Edilen Alan (%)<\/th>\n<td>80<\/td>\n<\/tr>\n<tr>\n<th scope=\"row\">Kamyondaki Katlanm\u0131\u015f Kasalar\u0131n Birimleri<\/th>\n<td>8.712<\/td>\n<\/tr>\n<tr>\n<th scope=\"row\">40 HC Konteyner<\/th>\n<td>7.370<\/td>\n<\/tr>\n<tr>\n<th scope=\"row\">40 DC Konteyner<\/th>\n<td>6.490<\/td>\n<\/tr>\n<tr>\n<th scope=\"row\">20 DC Konteyner<\/th>\n<td>2.950<\/td>\n<\/tr>\n<tr>\n<th scope=\"row\">* +\/- Tolerans<\/th>\n<td><\/td>\n<\/tr>\n<tr>\n<th scope=\"row\">** Palet Y\u00fcksekli\u011fi (cm)<\/th>\n<td>260<\/td>\n<\/tr>\n<\/tbody>\n<\/table>\n","protected":false},"featured_media":3020,"template":"","meta":{"_uag_custom_page_level_css":"","site-sidebar-layout":"default","site-content-layout":"","ast-site-content-layout":"default","site-content-style":"default","site-sidebar-style":"default","ast-global-header-display":"","ast-banner-title-visibility":"","ast-main-header-display":"","ast-hfb-above-header-display":"","ast-hfb-below-header-display":"","ast-hfb-mobile-header-display":"","site-post-title":"","ast-breadcrumbs-content":"","ast-featured-img":"","footer-sml-layout":"","ast-disable-related-posts":"","theme-transparent-header-meta":"default","adv-header-id-meta":"","stick-header-meta":"","header-above-stick-meta":"","header-main-stick-meta":"","header-below-stick-meta":"","astra-migrate-meta-layouts":"set","ast-page-background-enabled":"default","ast-page-background-meta":{"desktop":{"background-color":"","background-image":"","background-repeat":"repeat","background-position":"center center","background-size":"auto","background-attachment":"scroll","background-type":"","background-media":"","overlay-type":"","overlay-color":"","overlay-opacity":"","overlay-gradient":""},"tablet":{"background-color":"","background-image":"","background-repeat":"repeat","background-position":"center center","background-size":"auto","background-attachment":"scroll","background-type":"","background-media":"","overlay-type":"","overlay-color":"","overlay-opacity":"","overlay-gradient":""},"mobile":{"background-color":"","background-image":"","background-repeat":"repeat","background-position":"center center","background-size":"auto","background-attachment":"scroll","background-type":"","background-media":"","overlay-type":"","overlay-color":"","overlay-opacity":"","overlay-gradient":""}},"ast-content-background-meta":{"desktop":{"background-color":"var(--ast-global-color-5)","background-image":"","background-repeat":"repeat","background-position":"center center","background-size":"auto","background-attachment":"scroll","background-type":"","background-media":"","overlay-type":"","overlay-color":"","overlay-opacity":"","overlay-gradient":""},"tablet":{"background-color":"var(--ast-global-color-5)","background-image":"","background-repeat":"repeat","background-position":"center center","background-size":"auto","background-attachment":"scroll","background-type":"","background-media":"","overlay-type":"","overlay-color":"","overlay-opacity":"","overlay-gradient":""},"mobile":{"background-color":"var(--ast-global-color-5)","background-image":"","background-repeat":"repeat","background-position":"center center","background-size":"auto","background-attachment":"scroll","background-type":"","background-media":"","overlay-type":"","overlay-color":"","overlay-opacity":"","overlay-gradient":""}}},"product_brand":[],"product_cat":[58,56],"product_tag":[],"class_list":{"0":"post-3101","1":"product","2":"type-product","3":"status-publish","4":"has-post-thumbnail","6":"product_cat-buyuk-kasa-pasif-kilit","7":"product_cat-meyve-ve-sebze-lojistik","8":"desktop-align-left","9":"tablet-align-left","10":"mobile-align-left","11":"ast-product-gallery-layout-first-image-large","12":"ast-product-gallery-with-no-image","13":"ast-product-tabs-layout-horizontal","15":"first","16":"instock","17":"shipping-taxable","18":"product-type-simple"},"spectra_custom_meta":{"rank_math_internal_links_processed":["1"],"_backorders":["no"],"_download_limit":["-1"],"_download_expiry":["-1"],"_downloadable":["no"],"_manage_stock":["no"],"_stock_status":["instock"],"_sold_individually":["no"],"_tax_class":[""],"_tax_status":["taxable"],"_virtual":["no"],"total_sales":["0"],"site-sidebar-layout":["default"],"theme-transparent-header-meta":["default"],"ast-site-content-layout":["default"],"site-content-style":["default"],"site-sidebar-style":["default"],"_top_nav_excluded":[""],"_cms_nav_minihome":[""],"wcml_sync_hash":["a:1:{s:15:\"postmeta_fields\";s:32:\"07c9ea5275f86e6199a7770fb4caf070\";}"],"attr_label_translations":["a:0:{}"],"_product_attributes":["a:0:{}"],"_default_attributes":["a:0:{}"],"_upsell_ids":["a:0:{}"],"_crosssell_ids":["a:0:{}"],"_children":["a:0:{}"],"_thumbnail_id":["3020"],"_last_translation_edit_mode":["native-editor"],"_wpml_word_count":["{\"total\":315,\"to_translate\":{\"en\":315}}"],"_edit_lock":["1735386125:1"],"rank_math_seo_score":["8"],"_edit_last":["1"],"_stock":[null],"_wc_average_rating":["0"],"_wc_review_count":["0"],"_product_version":["9.5.1"],"rank_math_primary_product_cat":["0"],"_wpml_media_duplicate":["1"],"_wpml_media_featured":["1"],"_wp_old_slug":["maxi-kutu-pasif-kilit-60x40x18"],"_wcml_average_rating":[null],"_wcml_review_count":[null],"_wcml_rating_count":[null],"astra-migrate-meta-layouts":["set"],"astra_style_timestamp_css":["1774584300"],"_uag_page_assets":["a:9:{s:3:\"css\";s:0:\"\";s:2:\"js\";s:0:\"\";s:18:\"current_block_list\";a:9:{i:0;s:11:\"core\/search\";i:1;s:10:\"core\/group\";i:2;s:12:\"core\/heading\";i:3;s:17:\"core\/latest-posts\";i:4;s:20:\"core\/latest-comments\";i:5;s:13:\"core\/archives\";i:6;s:15:\"core\/categories\";i:7;s:30:\"woocommerce\/product-categories\";i:8;s:18:\"core\/legacy-widget\";}s:8:\"uag_flag\";b:0;s:11:\"uag_version\";s:10:\"1776095973\";s:6:\"gfonts\";a:0:{}s:10:\"gfonts_url\";s:0:\"\";s:12:\"gfonts_files\";a:0:{}s:14:\"uag_faq_layout\";b:0;}"]},"uagb_featured_image_src":{"full":["https:\/\/aykasa.com\/wp-content\/uploads\/2024\/12\/maxi-box-passive-lock-604018-2.jpg",1200,1200,false],"thumbnail":["https:\/\/aykasa.com\/wp-content\/uploads\/2024\/12\/maxi-box-passive-lock-604018-2-150x150.jpg",150,150,true],"medium":["https:\/\/aykasa.com\/wp-content\/uploads\/2024\/12\/maxi-box-passive-lock-604018-2-300x300.jpg",300,300,true],"medium_large":["https:\/\/aykasa.com\/wp-content\/uploads\/2024\/12\/maxi-box-passive-lock-604018-2-768x768.jpg",768,768,true],"large":["https:\/\/aykasa.com\/wp-content\/uploads\/2024\/12\/maxi-box-passive-lock-604018-2-1024x1024.jpg",1024,1024,true],"1536x1536":["https:\/\/aykasa.com\/wp-content\/uploads\/2024\/12\/maxi-box-passive-lock-604018-2.jpg",1200,1200,false],"2048x2048":["https:\/\/aykasa.com\/wp-content\/uploads\/2024\/12\/maxi-box-passive-lock-604018-2.jpg",1200,1200,false],"woocommerce_thumbnail":["https:\/\/aykasa.com\/wp-content\/uploads\/2024\/12\/maxi-box-passive-lock-604018-2-300x300.jpg",300,300,true],"woocommerce_single":["https:\/\/aykasa.com\/wp-content\/uploads\/2024\/12\/maxi-box-passive-lock-604018-2-600x600.jpg",600,600,true],"woocommerce_gallery_thumbnail":["https:\/\/aykasa.com\/wp-content\/uploads\/2024\/12\/maxi-box-passive-lock-604018-2-100x100.jpg",100,100,true]},"uagb_author_info":{"display_name":"Murat B","author_link":"https:\/\/aykasa.com\/tr\/author\/"},"uagb_comment_info":0,"uagb_excerpt":"Bu boyut, g\u0131da lojisti\u011fi B2B sipari\u015fleri \u00fczerine \u00fcretilir ve ev \u00fcr\u00fcnlerinde aktif de\u011fildir. Maxi-Box Pasif Kilit D\u0131\u015f Boyutlar (mm) (G x G x Y) 600 x 400 x 180 \u0130\u00e7 Boyutlar (mm) (G x G x Y) 570 x 370 x 170 Katlanm\u0131\u015f Kutu Y\u00fcksekli\u011fi (mm) 36 Hacim (lt) 38,85 Y\u00fckleme Kapasitesi (kg) 18 Dara&hellip;","_links":{"self":[{"href":"https:\/\/aykasa.com\/tr\/wp-json\/wp\/v2\/product\/3101","targetHints":{"allow":["GET"]}}],"collection":[{"href":"https:\/\/aykasa.com\/tr\/wp-json\/wp\/v2\/product"}],"about":[{"href":"https:\/\/aykasa.com\/tr\/wp-json\/wp\/v2\/types\/product"}],"wp:featuredmedia":[{"embeddable":true,"href":"https:\/\/aykasa.com\/tr\/wp-json\/wp\/v2\/media\/3020"}],"wp:attachment":[{"href":"https:\/\/aykasa.com\/tr\/wp-json\/wp\/v2\/media?parent=3101"}],"wp:term":[{"taxonomy":"product_brand","embeddable":true,"href":"https:\/\/aykasa.com\/tr\/wp-json\/wp\/v2\/product_brand?post=3101"},{"taxonomy":"product_cat","embeddable":true,"href":"https:\/\/aykasa.com\/tr\/wp-json\/wp\/v2\/product_cat?post=3101"},{"taxonomy":"product_tag","embeddable":true,"href":"https:\/\/aykasa.com\/tr\/wp-json\/wp\/v2\/product_tag?post=3101"}],"curies":[{"name":"wp","href":"https:\/\/api.w.org\/{rel}","templated":true}]}}