{"id":3100,"date":"2024-12-10T10:29:37","date_gmt":"2024-12-10T10:29:37","guid":{"rendered":"https:\/\/aykasa.com\/product\/midi-kutu-ekonomi-50x30x10\/"},"modified":"2024-12-28T15:27:13","modified_gmt":"2024-12-28T15:27:13","slug":"midi-kasa-ekonomi-50x30x10","status":"publish","type":"product","link":"https:\/\/aykasa.com\/tr\/product\/midi-kasa-ekonomi-50x30x10\/","title":{"rendered":"Midi Kasa Ekonomi 50x30x10"},"content":{"rendered":"<p>Birinci s\u0131n\u0131f, s\u00fcrd\u00fcr\u00fclebilir malzemelerden \u00fcretilen Aykasa Midibox Katlanabilir Kasalar, i\u015flevselli\u011fi \u00e7evresel sorumlulukla kusursuz bir \u015fekilde birle\u015ftirerek evinizi veya ofisinizi d\u00fczenlemek i\u00e7in \u015f\u0131k ve bilin\u00e7li bir se\u00e7im sunar. Minimalist tasar\u0131mlar\u0131, \u00e7e\u015fitli dekor stillerini zahmetsizce tamamlayarak \u00e7evrenize \u00e7a\u011fda\u015f bir dokunu\u015f katar. Bir dizi canl\u0131 tonda mevcut olan bu kasalar, depolama d\u00fczeninize ki\u015filik katman\u0131za olanak tan\u0131r. Aykasa Midibox Katlanabilir Kasalar, ister raflar\u0131n\u0131z\u0131 d\u00fczenliyor ister el i\u015fi malzemelerini ay\u0131r\u0131yor ya da oyuncaklar\u0131n\u0131z\u0131 sakl\u0131yor olun, ihtiya\u00e7lar\u0131n\u0131za uygun esnek depolama \u00e7\u00f6z\u00fcmleri sunar. Katlanabilir tasar\u0131mlar\u0131 sayesinde, bu kasalar kolayl\u0131kla d\u00fcz bir \u015fekilde katlanarak alan\u0131 optimize eder ve kullan\u0131lmad\u0131\u011f\u0131nda sorunsuz bir depolama sa\u011flar. \u0130ster evde, ister i\u015fyerinde veya seyahat s\u0131ras\u0131nda kullan\u0131ls\u0131n, Aykasa Midibox Katlanabilir Kasalar verimlilik ve rahatl\u0131k i\u00e7in tasarlanm\u0131\u015ft\u0131r. Depolama deneyiminizi Aykasa Midibox Katlanabilir Kasalar ile y\u00fckseltin ve i\u015flevsellik ile esteti\u011fin m\u00fckemmel kar\u0131\u015f\u0131m\u0131n\u0131 kucaklay\u0131n. Bu \u00e7evreye duyarl\u0131 depolama \u00e7\u00f6z\u00fcmleriyle s\u00fcrd\u00fcr\u00fclebilirli\u011fi benimserken ya\u015fam tarz\u0131n\u0131z\u0131 basitle\u015ftirin. <\/p>\n","protected":false},"excerpt":{"rendered":"<p>Bu boyut, g\u0131da lojisti\u011fi<br \/>\nB2B sipari\u015fleri \u00fczerine \u00fcretilir ve ev \u00fcr\u00fcnlerinde aktif de\u011fildir.<\/p>\n<table class=\"table table-striped\" style=\"font-size: 15px;\">\n<thead>\n<tr>\n<th scope=\"col\">Midi-Box (Ekonomi)<\/th>\n<th scope=\"col\"><\/th>\n<\/tr>\n<\/thead>\n<tbody>\n<tr>\n<th scope=\"row\">D\u0131\u015f Boyutlar (mm) (G x G x Y)<\/th>\n<td>500 x 300 x 160<\/td>\n<\/tr>\n<tr>\n<th scope=\"row\">\u0130\u00e7 Boyutlar (mm) (G x G x Y)<\/th>\n<td>476 x 276 x 155<\/td>\n<\/tr>\n<tr>\n<th scope=\"row\">Katlanm\u0131\u015f Kutu Y\u00fcksekli\u011fi (mm)<\/th>\n<td>27<\/td>\n<\/tr>\n<tr>\n<th scope=\"row\">Hacim (lt)<\/th>\n<td>20,4<\/td>\n<\/tr>\n<tr>\n<th scope=\"row\">Y\u00fckleme Kapasitesi (kg)<\/th>\n<td>10<\/td>\n<\/tr>\n<tr>\n<th scope=\"row\">Dara A\u011f\u0131rl\u0131\u011f\u0131 (gr)<\/th>\n<td>550<\/td>\n<\/tr>\n<tr>\n<th scope=\"row\">Katmanlar**<\/th>\n<td>14<\/td>\n<\/tr>\n<tr>\n<th scope=\"row\">Katland\u0131\u011f\u0131nda Europallet \u00dczerindeki Katmanlar<\/th>\n<td>&#8211;<\/td>\n<\/tr>\n<tr>\n<th scope=\"row\">Katland\u0131\u011f\u0131nda ISO Palet \u00dczerindeki Katmanlar<\/th>\n<td>112<\/td>\n<\/tr>\n<tr>\n<th scope=\"row\">Europalet \u00dczerindeki Katlanm\u0131\u015f Kasalar\u0131n Birimleri**<\/th>\n<td>&#8211;<\/td>\n<\/tr>\n<tr>\n<th scope=\"row\">ISO Palet \u00dczerindeki Katlanm\u0131\u015f Kasalar\u0131n Birimleri**<\/th>\n<td>720<\/td>\n<\/tr>\n<tr>\n<th scope=\"row\">Katland\u0131\u011f\u0131nda Tasarruf Edilen Alan (%)<\/th>\n<td>84<\/td>\n<\/tr>\n<tr>\n<th scope=\"row\">Kamyondaki Katlanm\u0131\u015f Kasalar\u0131n Birimleri<\/th>\n<td>18,720<\/td>\n<\/tr>\n<tr>\n<th scope=\"row\">40 HC Konteyner<\/th>\n<td>16.016<\/td>\n<\/tr>\n<tr>\n<th scope=\"row\">40 DC Konteyner<\/th>\n<td>14.080<\/td>\n<\/tr>\n<tr>\n<th scope=\"row\">20 DC Konteyner<\/th>\n<td>6.400<\/td>\n<\/tr>\n<tr>\n<th scope=\"row\">* +\/- Tolerans<\/th>\n<td><\/td>\n<\/tr>\n<tr>\n<th scope=\"row\">** Palet Y\u00fcksekli\u011fi (cm)<\/th>\n<td>260<\/td>\n<\/tr>\n<\/tbody>\n<\/table>\n","protected":false},"featured_media":3008,"template":"","meta":{"_uag_custom_page_level_css":"","site-sidebar-layout":"default","site-content-layout":"","ast-site-content-layout":"default","site-content-style":"default","site-sidebar-style":"default","ast-global-header-display":"","ast-banner-title-visibility":"","ast-main-header-display":"","ast-hfb-above-header-display":"","ast-hfb-below-header-display":"","ast-hfb-mobile-header-display":"","site-post-title":"","ast-breadcrumbs-content":"","ast-featured-img":"","footer-sml-layout":"","ast-disable-related-posts":"","theme-transparent-header-meta":"default","adv-header-id-meta":"","stick-header-meta":"","header-above-stick-meta":"","header-main-stick-meta":"","header-below-stick-meta":"","astra-migrate-meta-layouts":"set","ast-page-background-enabled":"default","ast-page-background-meta":{"desktop":{"background-color":"","background-image":"","background-repeat":"repeat","background-position":"center center","background-size":"auto","background-attachment":"scroll","background-type":"","background-media":"","overlay-type":"","overlay-color":"","overlay-opacity":"","overlay-gradient":""},"tablet":{"background-color":"","background-image":"","background-repeat":"repeat","background-position":"center center","background-size":"auto","background-attachment":"scroll","background-type":"","background-media":"","overlay-type":"","overlay-color":"","overlay-opacity":"","overlay-gradient":""},"mobile":{"background-color":"","background-image":"","background-repeat":"repeat","background-position":"center center","background-size":"auto","background-attachment":"scroll","background-type":"","background-media":"","overlay-type":"","overlay-color":"","overlay-opacity":"","overlay-gradient":""}},"ast-content-background-meta":{"desktop":{"background-color":"var(--ast-global-color-5)","background-image":"","background-repeat":"repeat","background-position":"center center","background-size":"auto","background-attachment":"scroll","background-type":"","background-media":"","overlay-type":"","overlay-color":"","overlay-opacity":"","overlay-gradient":""},"tablet":{"background-color":"var(--ast-global-color-5)","background-image":"","background-repeat":"repeat","background-position":"center center","background-size":"auto","background-attachment":"scroll","background-type":"","background-media":"","overlay-type":"","overlay-color":"","overlay-opacity":"","overlay-gradient":""},"mobile":{"background-color":"var(--ast-global-color-5)","background-image":"","background-repeat":"repeat","background-position":"center center","background-size":"auto","background-attachment":"scroll","background-type":"","background-media":"","overlay-type":"","overlay-color":"","overlay-opacity":"","overlay-gradient":""}}},"product_brand":[],"product_cat":[56,75],"product_tag":[],"class_list":{"0":"post-3100","1":"product","2":"type-product","3":"status-publish","4":"has-post-thumbnail","6":"product_cat-meyve-ve-sebze-lojistik","7":"product_cat-midi-kasa-ekonomi","8":"desktop-align-left","9":"tablet-align-left","10":"mobile-align-left","11":"ast-product-gallery-layout-first-image-large","12":"ast-product-gallery-with-no-image","13":"ast-product-tabs-layout-horizontal","15":"first","16":"instock","17":"shipping-taxable","18":"product-type-simple"},"spectra_custom_meta":{"rank_math_internal_links_processed":["1"],"_backorders":["no"],"_download_limit":["-1"],"_download_expiry":["-1"],"_downloadable":["no"],"_manage_stock":["no"],"_stock_status":["instock"],"_sold_individually":["no"],"_tax_class":[""],"_tax_status":["taxable"],"_virtual":["no"],"total_sales":["0"],"site-sidebar-layout":["default"],"theme-transparent-header-meta":["default"],"ast-site-content-layout":["default"],"site-content-style":["default"],"site-sidebar-style":["default"],"_top_nav_excluded":[""],"_cms_nav_minihome":[""],"wcml_sync_hash":["a:1:{s:15:\"postmeta_fields\";s:32:\"d8e938eb117096c02d0b61ea84134fc5\";}"],"attr_label_translations":["a:0:{}"],"_product_attributes":["a:0:{}"],"_default_attributes":["a:0:{}"],"_upsell_ids":["a:0:{}"],"_crosssell_ids":["a:0:{}"],"_children":["a:0:{}"],"_thumbnail_id":["3008"],"_last_translation_edit_mode":["native-editor"],"_wpml_word_count":["{\"total\":263,\"to_translate\":{\"en\":263}}"],"_edit_lock":["1735399919:1"],"rank_math_seo_score":["8"],"_edit_last":["1"],"_stock":[null],"_wc_average_rating":["0"],"_wc_review_count":["0"],"_product_version":["9.5.1"],"rank_math_primary_product_cat":["0"],"_wpml_media_duplicate":["1"],"_wpml_media_featured":["1"],"astra_style_timestamp_css":["1774504235"],"_wp_old_slug":["midi-kutu-ekonomi-50x30x10"],"_wcml_average_rating":[null],"_wcml_review_count":[null],"_wcml_rating_count":[null],"astra-migrate-meta-layouts":["set"],"_uag_css_file_name":["uag-css-3100.css"],"_uag_page_assets":["a:9:{s:3:\"css\";s:0:\"\";s:2:\"js\";s:0:\"\";s:18:\"current_block_list\";a:9:{i:0;s:11:\"core\/search\";i:1;s:10:\"core\/group\";i:2;s:12:\"core\/heading\";i:3;s:17:\"core\/latest-posts\";i:4;s:20:\"core\/latest-comments\";i:5;s:13:\"core\/archives\";i:6;s:15:\"core\/categories\";i:7;s:30:\"woocommerce\/product-categories\";i:8;s:18:\"core\/legacy-widget\";}s:8:\"uag_flag\";b:0;s:11:\"uag_version\";s:10:\"1776091388\";s:6:\"gfonts\";a:0:{}s:10:\"gfonts_url\";s:0:\"\";s:12:\"gfonts_files\";a:0:{}s:14:\"uag_faq_layout\";b:0;}"]},"uagb_featured_image_src":{"full":["https:\/\/aykasa.com\/wp-content\/uploads\/2024\/12\/midi-box-economy-50-30-10-2.jpg",1200,1200,false],"thumbnail":["https:\/\/aykasa.com\/wp-content\/uploads\/2024\/12\/midi-box-economy-50-30-10-2-150x150.jpg",150,150,true],"medium":["https:\/\/aykasa.com\/wp-content\/uploads\/2024\/12\/midi-box-economy-50-30-10-2-300x300.jpg",300,300,true],"medium_large":["https:\/\/aykasa.com\/wp-content\/uploads\/2024\/12\/midi-box-economy-50-30-10-2-768x768.jpg",768,768,true],"large":["https:\/\/aykasa.com\/wp-content\/uploads\/2024\/12\/midi-box-economy-50-30-10-2-1024x1024.jpg",1024,1024,true],"1536x1536":["https:\/\/aykasa.com\/wp-content\/uploads\/2024\/12\/midi-box-economy-50-30-10-2.jpg",1200,1200,false],"2048x2048":["https:\/\/aykasa.com\/wp-content\/uploads\/2024\/12\/midi-box-economy-50-30-10-2.jpg",1200,1200,false],"woocommerce_thumbnail":["https:\/\/aykasa.com\/wp-content\/uploads\/2024\/12\/midi-box-economy-50-30-10-2-300x300.jpg",300,300,true],"woocommerce_single":["https:\/\/aykasa.com\/wp-content\/uploads\/2024\/12\/midi-box-economy-50-30-10-2-600x600.jpg",600,600,true],"woocommerce_gallery_thumbnail":["https:\/\/aykasa.com\/wp-content\/uploads\/2024\/12\/midi-box-economy-50-30-10-2-100x100.jpg",100,100,true]},"uagb_author_info":{"display_name":"Murat B","author_link":"https:\/\/aykasa.com\/tr\/author\/"},"uagb_comment_info":0,"uagb_excerpt":"Bu boyut, g\u0131da lojisti\u011fi B2B sipari\u015fleri \u00fczerine \u00fcretilir ve ev \u00fcr\u00fcnlerinde aktif de\u011fildir. Midi-Box (Ekonomi) D\u0131\u015f Boyutlar (mm) (G x G x Y) 500 x 300 x 160 \u0130\u00e7 Boyutlar (mm) (G x G x Y) 476 x 276 x 155 Katlanm\u0131\u015f Kutu Y\u00fcksekli\u011fi (mm) 27 Hacim (lt) 20,4 Y\u00fckleme Kapasitesi (kg) 10 Dara A\u011f\u0131rl\u0131\u011f\u0131&hellip;","_links":{"self":[{"href":"https:\/\/aykasa.com\/tr\/wp-json\/wp\/v2\/product\/3100","targetHints":{"allow":["GET"]}}],"collection":[{"href":"https:\/\/aykasa.com\/tr\/wp-json\/wp\/v2\/product"}],"about":[{"href":"https:\/\/aykasa.com\/tr\/wp-json\/wp\/v2\/types\/product"}],"wp:featuredmedia":[{"embeddable":true,"href":"https:\/\/aykasa.com\/tr\/wp-json\/wp\/v2\/media\/3008"}],"wp:attachment":[{"href":"https:\/\/aykasa.com\/tr\/wp-json\/wp\/v2\/media?parent=3100"}],"wp:term":[{"taxonomy":"product_brand","embeddable":true,"href":"https:\/\/aykasa.com\/tr\/wp-json\/wp\/v2\/product_brand?post=3100"},{"taxonomy":"product_cat","embeddable":true,"href":"https:\/\/aykasa.com\/tr\/wp-json\/wp\/v2\/product_cat?post=3100"},{"taxonomy":"product_tag","embeddable":true,"href":"https:\/\/aykasa.com\/tr\/wp-json\/wp\/v2\/product_tag?post=3100"}],"curies":[{"name":"wp","href":"https:\/\/api.w.org\/{rel}","templated":true}]}}