{"id":3094,"date":"2024-12-10T20:10:13","date_gmt":"2024-12-10T20:10:13","guid":{"rendered":"https:\/\/aykasa.com\/product\/buyuk-vazo-ustu-31x-375x-382\/"},"modified":"2024-12-26T20:51:14","modified_gmt":"2024-12-26T20:51:14","slug":"buyuk-vazo-ustu-31x-375x-382","status":"publish","type":"product","link":"https:\/\/aykasa.com\/tr\/product\/buyuk-vazo-ustu-31x-375x-382\/","title":{"rendered":"B\u00fcy\u00fck Vazo \u00dcst\u00fc 31x 37,5x 38,2"},"content":{"rendered":"<p>Hassasiyet ve zarafete sahip bu yenilik\u00e7i vazo tablas\u0131, herhangi bir buketi veya aranjman\u0131 zahmetsizce tamamlayabilecek bir tasar\u0131ma sahiptir. Birinci s\u0131n\u0131f, \u00e7evre dostu malzemelerden \u00fcretilen Aykasa Maxi Florist Vazo \u00dcst Par\u00e7as\u0131, stili s\u00fcrd\u00fcr\u00fclebilirlikle birle\u015ftirerek ev dekorasyonu ihtiya\u00e7lar\u0131n\u0131z i\u00e7in \u015f\u0131k ve bilin\u00e7li bir \u00e7\u00f6z\u00fcm sunar. \u015e\u0131k tasar\u0131m\u0131 her odaya sofistike bir dokunu\u015f katarak hem modern hem de geleneksel ortamlar i\u00e7in idealdir. \u00c7ok y\u00f6nl\u00fc ve pratik olan bu vazo tablas\u0131, Aykasa&#8217;n\u0131n katlanabilir saklama kasalar\u0131na sorunsuz bir \u015fekilde tak\u0131larak onlar\u0131 en sevdi\u011finiz \u00e7i\u00e7ekler i\u00e7in \u015f\u0131k kaplara d\u00f6n\u00fc\u015ft\u00fcr\u00fcr. \u0130ster tek bir sap\u0131 sergiliyor ister \u00e7arp\u0131c\u0131 bir merkez par\u00e7as\u0131 yarat\u0131yor olun, Aykasa Maxi Florist Vazo \u00dcst Par\u00e7as\u0131 sanatsal ifadeniz i\u00e7in m\u00fckemmel bir platform sa\u011flar. Dayan\u0131kl\u0131 yap\u0131s\u0131 sayesinde, \u00e7i\u00e7ek aranjmanlar\u0131n\u0131z\u0131n g\u00fcvenli bir \u015fekilde yerinde duraca\u011f\u0131na ve g\u00fczelliklerinin tad\u0131n\u0131 daha uzun s\u00fcre \u00e7\u0131karman\u0131za olanak tan\u0131yaca\u011f\u0131na g\u00fcvenebilirsiniz. Aykasa Maxi Florist Vazo \u00dcst Par\u00e7as\u0131 ile ev dekorunuzu y\u00fckseltin ve do\u011fan\u0131n dokunu\u015funu i\u00e7 mekana ta\u015f\u0131y\u0131n. Ya\u015fam alan\u0131n\u0131z\u0131 \u00e7i\u00e7eklerin g\u00fczelli\u011fi ve Aykasa&#8217;n\u0131n sofistike tasar\u0131m\u0131yla zenginle\u015ftirin. \u015eimdi al\u0131\u015fveri\u015f yap\u0131n ve Aykasa Maxi Florist Vazo \u00dcst Par\u00e7as\u0131 ile \u00e7i\u00e7ek aranjmanlar\u0131n\u0131z i\u00e7in yeni bir zarafet seviyesini ke\u015ffedin.<\/p>\n","protected":false},"excerpt":{"rendered":"<p><img loading=\"lazy\" decoding=\"async\" class=\"alignnone size-full wp-image-2473\" src=\"https:\/\/aykasa.com\/wp-content\/uploads\/2024\/12\/big-vase-top.jpg\" alt=\"\" width=\"550\" height=\"600\" srcset=\"https:\/\/aykasa.com\/wp-content\/uploads\/2024\/12\/big-vase-top.jpg 550w, https:\/\/aykasa.com\/wp-content\/uploads\/2024\/12\/big-vase-top-275x300.jpg 275w\" sizes=\"auto, (max-width: 550px) 100vw, 550px\" \/><\/p>\n","protected":false},"featured_media":3045,"template":"","meta":{"_uag_custom_page_level_css":"","site-sidebar-layout":"default","site-content-layout":"","ast-site-content-layout":"default","site-content-style":"default","site-sidebar-style":"default","ast-global-header-display":"","ast-banner-title-visibility":"","ast-main-header-display":"","ast-hfb-above-header-display":"","ast-hfb-below-header-display":"","ast-hfb-mobile-header-display":"","site-post-title":"","ast-breadcrumbs-content":"","ast-featured-img":"","footer-sml-layout":"","ast-disable-related-posts":"","theme-transparent-header-meta":"default","adv-header-id-meta":"","stick-header-meta":"","header-above-stick-meta":"","header-main-stick-meta":"","header-below-stick-meta":"","astra-migrate-meta-layouts":"set","ast-page-background-enabled":"default","ast-page-background-meta":{"desktop":{"background-color":"","background-image":"","background-repeat":"repeat","background-position":"center center","background-size":"auto","background-attachment":"scroll","background-type":"","background-media":"","overlay-type":"","overlay-color":"","overlay-opacity":"","overlay-gradient":""},"tablet":{"background-color":"","background-image":"","background-repeat":"repeat","background-position":"center center","background-size":"auto","background-attachment":"scroll","background-type":"","background-media":"","overlay-type":"","overlay-color":"","overlay-opacity":"","overlay-gradient":""},"mobile":{"background-color":"","background-image":"","background-repeat":"repeat","background-position":"center center","background-size":"auto","background-attachment":"scroll","background-type":"","background-media":"","overlay-type":"","overlay-color":"","overlay-opacity":"","overlay-gradient":""}},"ast-content-background-meta":{"desktop":{"background-color":"var(--ast-global-color-5)","background-image":"","background-repeat":"repeat","background-position":"center center","background-size":"auto","background-attachment":"scroll","background-type":"","background-media":"","overlay-type":"","overlay-color":"","overlay-opacity":"","overlay-gradient":""},"tablet":{"background-color":"var(--ast-global-color-5)","background-image":"","background-repeat":"repeat","background-position":"center center","background-size":"auto","background-attachment":"scroll","background-type":"","background-media":"","overlay-type":"","overlay-color":"","overlay-opacity":"","overlay-gradient":""},"mobile":{"background-color":"var(--ast-global-color-5)","background-image":"","background-repeat":"repeat","background-position":"center center","background-size":"auto","background-attachment":"scroll","background-type":"","background-media":"","overlay-type":"","overlay-color":"","overlay-opacity":"","overlay-gradient":""}}},"product_brand":[],"product_cat":[64,55],"product_tag":[],"class_list":{"0":"post-3094","1":"product","2":"type-product","3":"status-publish","4":"has-post-thumbnail","6":"product_cat-buyuk-vazo-ustu","7":"product_cat-cicekci-vazolari","8":"desktop-align-left","9":"tablet-align-left","10":"mobile-align-left","11":"ast-product-gallery-layout-first-image-large","12":"ast-product-gallery-with-no-image","13":"ast-product-tabs-layout-horizontal","15":"first","16":"instock","17":"shipping-taxable","18":"product-type-simple"},"spectra_custom_meta":{"rank_math_internal_links_processed":["1"],"_backorders":["no"],"_download_limit":["-1"],"_download_expiry":["-1"],"_downloadable":["no"],"_manage_stock":["no"],"_stock_status":["instock"],"_sold_individually":["no"],"_tax_class":[""],"_tax_status":["taxable"],"_virtual":["no"],"total_sales":["0"],"site-sidebar-layout":["default"],"theme-transparent-header-meta":["default"],"ast-site-content-layout":["default"],"site-content-style":["default"],"site-sidebar-style":["default"],"_top_nav_excluded":[""],"_cms_nav_minihome":[""],"wcml_sync_hash":["a:1:{s:15:\"postmeta_fields\";s:32:\"635989fca8856626b3f9d5494a76cb6f\";}"],"attr_label_translations":["a:0:{}"],"_product_attributes":["a:0:{}"],"_default_attributes":["a:0:{}"],"_upsell_ids":["a:0:{}"],"_crosssell_ids":["a:0:{}"],"_children":["a:0:{}"],"_thumbnail_id":["3045"],"_last_translation_edit_mode":["native-editor"],"_wpml_word_count":["{\"total\":188,\"to_translate\":{\"en\":188}}"],"_edit_lock":["1735246208:1"],"rank_math_seo_score":["9"],"_edit_last":["1"],"_wcml_average_rating":[null],"_wcml_review_count":[null],"_wcml_rating_count":[null],"_stock":[null],"_wc_average_rating":["0"],"_wc_review_count":["0"],"_product_version":["9.5.1"],"rank_math_primary_product_cat":["0"],"astra-migrate-meta-layouts":["set"],"_wpml_media_duplicate":["1"],"_wpml_media_featured":["1"],"astra_style_timestamp_css":["1775116875"]},"uagb_featured_image_src":{"full":["https:\/\/aykasa.com\/wp-content\/uploads\/2024\/12\/big-vase-top-31-37.5-38-1.jpg",1200,1200,false],"thumbnail":["https:\/\/aykasa.com\/wp-content\/uploads\/2024\/12\/big-vase-top-31-37.5-38-1-150x150.jpg",150,150,true],"medium":["https:\/\/aykasa.com\/wp-content\/uploads\/2024\/12\/big-vase-top-31-37.5-38-1-300x300.jpg",300,300,true],"medium_large":["https:\/\/aykasa.com\/wp-content\/uploads\/2024\/12\/big-vase-top-31-37.5-38-1-768x768.jpg",768,768,true],"large":["https:\/\/aykasa.com\/wp-content\/uploads\/2024\/12\/big-vase-top-31-37.5-38-1-1024x1024.jpg",1024,1024,true],"1536x1536":["https:\/\/aykasa.com\/wp-content\/uploads\/2024\/12\/big-vase-top-31-37.5-38-1.jpg",1200,1200,false],"2048x2048":["https:\/\/aykasa.com\/wp-content\/uploads\/2024\/12\/big-vase-top-31-37.5-38-1.jpg",1200,1200,false],"woocommerce_thumbnail":["https:\/\/aykasa.com\/wp-content\/uploads\/2024\/12\/big-vase-top-31-37.5-38-1-300x300.jpg",300,300,true],"woocommerce_single":["https:\/\/aykasa.com\/wp-content\/uploads\/2024\/12\/big-vase-top-31-37.5-38-1-600x600.jpg",600,600,true],"woocommerce_gallery_thumbnail":["https:\/\/aykasa.com\/wp-content\/uploads\/2024\/12\/big-vase-top-31-37.5-38-1-100x100.jpg",100,100,true]},"uagb_author_info":{"display_name":"Murat B","author_link":"https:\/\/aykasa.com\/tr\/author\/"},"uagb_comment_info":0,"uagb_excerpt":null,"_links":{"self":[{"href":"https:\/\/aykasa.com\/tr\/wp-json\/wp\/v2\/product\/3094","targetHints":{"allow":["GET"]}}],"collection":[{"href":"https:\/\/aykasa.com\/tr\/wp-json\/wp\/v2\/product"}],"about":[{"href":"https:\/\/aykasa.com\/tr\/wp-json\/wp\/v2\/types\/product"}],"wp:featuredmedia":[{"embeddable":true,"href":"https:\/\/aykasa.com\/tr\/wp-json\/wp\/v2\/media\/3045"}],"wp:attachment":[{"href":"https:\/\/aykasa.com\/tr\/wp-json\/wp\/v2\/media?parent=3094"}],"wp:term":[{"taxonomy":"product_brand","embeddable":true,"href":"https:\/\/aykasa.com\/tr\/wp-json\/wp\/v2\/product_brand?post=3094"},{"taxonomy":"product_cat","embeddable":true,"href":"https:\/\/aykasa.com\/tr\/wp-json\/wp\/v2\/product_cat?post=3094"},{"taxonomy":"product_tag","embeddable":true,"href":"https:\/\/aykasa.com\/tr\/wp-json\/wp\/v2\/product_tag?post=3094"}],"curies":[{"name":"wp","href":"https:\/\/api.w.org\/{rel}","templated":true}]}}