{"id":3091,"date":"2024-12-10T19:54:58","date_gmt":"2024-12-10T19:54:58","guid":{"rendered":"https:\/\/aykasa.com\/product\/katlanabilir-maksi-canta-38x22x52\/"},"modified":"2024-12-26T20:53:30","modified_gmt":"2024-12-26T20:53:30","slug":"katlanabilir-maksi-canta-38x22x52","status":"publish","type":"product","link":"https:\/\/aykasa.com\/tr\/product\/katlanabilir-maksi-canta-38x22x52\/","title":{"rendered":"Katlanabilir Maksi \u00c7anta 38x22x52"},"content":{"rendered":"<p>T\u00fcm d\u00fczenleme ihtiya\u00e7lar\u0131n\u0131z i\u00e7in \u00e7ok y\u00f6nl\u00fc ve \u00e7evre dostu bir \u00e7\u00f6z\u00fcm olan Aykasa Katlanabilir \u00c7anta ile depolama oyununuzu geli\u015ftirin. Y\u00fcksek kaliteli, geri d\u00f6n\u00fc\u015ft\u00fcr\u00fclebilir plastikten \u00fcretilen bu katlanabilir \u00e7antalar, \u00e7evresel ayak izinizi azalt\u0131rken alan\u0131n\u0131z\u0131 d\u00fczene sokmak i\u00e7in tasarlanm\u0131\u015ft\u0131r. Her tarza veya dekora uymas\u0131 i\u00e7in g\u00f6kku\u015fa\u011f\u0131 kadar canl\u0131 renklerde mevcuttur. Aykasa Katlanabilir \u00c7antalar i\u015flevsel olduklar\u0131 kadar g\u00f6rsel olarak da \u00e7ekicidir. \u0130ster market al\u0131\u015fveri\u015fi yap\u0131yor olun, ister evinizi toparl\u0131yor ya da hafta sonu ka\u00e7ama\u011f\u0131 i\u00e7in valiz haz\u0131rl\u0131yor olun. Bu \u00e7antalar, \u015f\u0131k ve modern bir esteti\u011fi korurken geni\u015f depolama kapasitesi sunar. Katlanabilir tasar\u0131m\u0131yla Aykasa Katlanabilir \u00c7antalar, kullan\u0131lmad\u0131\u011f\u0131nda kolayca d\u00fcz bir \u015fekilde katlanarak evinizde veya araban\u0131zda de\u011ferli alan tasarrufu sa\u011flar. Hantal saklama kutular\u0131na veda edin ve zahmetsiz organizasyona merhaba deyin. Dayan\u0131kl\u0131l\u0131klar\u0131 g\u00f6z \u00f6n\u00fcnde bulunduruldu\u011funda, bu \u00e7antalar g\u00fcnl\u00fck kullan\u0131ma dayan\u0131r ve depolama ihtiya\u00e7lar\u0131n\u0131z i\u00e7in uzun \u00f6m\u00fcrl\u00fc bir \u00e7\u00f6z\u00fcmd\u00fcr. Aykasa Katlanabilir \u00c7anta, dolab\u0131n\u0131z\u0131 d\u00fczenlemekten hareket halindeyken gerekli e\u015fyalar\u0131 ta\u015f\u0131maya kadar, daha d\u00fczenli ve s\u00fcrd\u00fcr\u00fclebilir bir ya\u015fam tarz\u0131 i\u00e7in m\u00fckemmel bir arkada\u015ft\u0131r. <\/p>\n","protected":false},"excerpt":{"rendered":"<p><img loading=\"lazy\" decoding=\"async\" class=\"alignnone size-full wp-image-2470\" src=\"https:\/\/aykasa.com\/wp-content\/uploads\/2024\/12\/maxi-bag.jpg\" alt=\"\" width=\"550\" height=\"600\" srcset=\"https:\/\/aykasa.com\/wp-content\/uploads\/2024\/12\/maxi-bag.jpg 550w, https:\/\/aykasa.com\/wp-content\/uploads\/2024\/12\/maxi-bag-275x300.jpg 275w\" sizes=\"auto, (max-width: 550px) 100vw, 550px\" \/><\/p>\n","protected":false},"featured_media":3034,"template":"","meta":{"_uag_custom_page_level_css":"","site-sidebar-layout":"default","site-content-layout":"","ast-site-content-layout":"default","site-content-style":"default","site-sidebar-style":"default","ast-global-header-display":"","ast-banner-title-visibility":"","ast-main-header-display":"","ast-hfb-above-header-display":"","ast-hfb-below-header-display":"","ast-hfb-mobile-header-display":"","site-post-title":"","ast-breadcrumbs-content":"","ast-featured-img":"","footer-sml-layout":"","ast-disable-related-posts":"","theme-transparent-header-meta":"default","adv-header-id-meta":"","stick-header-meta":"","header-above-stick-meta":"","header-main-stick-meta":"","header-below-stick-meta":"","astra-migrate-meta-layouts":"set","ast-page-background-enabled":"default","ast-page-background-meta":{"desktop":{"background-color":"","background-image":"","background-repeat":"repeat","background-position":"center center","background-size":"auto","background-attachment":"scroll","background-type":"","background-media":"","overlay-type":"","overlay-color":"","overlay-opacity":"","overlay-gradient":""},"tablet":{"background-color":"","background-image":"","background-repeat":"repeat","background-position":"center center","background-size":"auto","background-attachment":"scroll","background-type":"","background-media":"","overlay-type":"","overlay-color":"","overlay-opacity":"","overlay-gradient":""},"mobile":{"background-color":"","background-image":"","background-repeat":"repeat","background-position":"center center","background-size":"auto","background-attachment":"scroll","background-type":"","background-media":"","overlay-type":"","overlay-color":"","overlay-opacity":"","overlay-gradient":""}},"ast-content-background-meta":{"desktop":{"background-color":"var(--ast-global-color-5)","background-image":"","background-repeat":"repeat","background-position":"center center","background-size":"auto","background-attachment":"scroll","background-type":"","background-media":"","overlay-type":"","overlay-color":"","overlay-opacity":"","overlay-gradient":""},"tablet":{"background-color":"var(--ast-global-color-5)","background-image":"","background-repeat":"repeat","background-position":"center center","background-size":"auto","background-attachment":"scroll","background-type":"","background-media":"","overlay-type":"","overlay-color":"","overlay-opacity":"","overlay-gradient":""},"mobile":{"background-color":"var(--ast-global-color-5)","background-image":"","background-repeat":"repeat","background-position":"center center","background-size":"auto","background-attachment":"scroll","background-type":"","background-media":"","overlay-type":"","overlay-color":"","overlay-opacity":"","overlay-gradient":""}}},"product_brand":[],"product_cat":[59,62],"product_tag":[],"class_list":{"0":"post-3091","1":"product","2":"type-product","3":"status-publish","4":"has-post-thumbnail","6":"product_cat-ev-esyalari-urunleri","7":"product_cat-katlanabilir-maksi-canta","8":"desktop-align-left","9":"tablet-align-left","10":"mobile-align-left","11":"ast-product-gallery-layout-first-image-large","12":"ast-product-tabs-layout-horizontal","14":"first","15":"instock","16":"shipping-taxable","17":"product-type-simple"},"spectra_custom_meta":{"rank_math_internal_links_processed":["1"],"_backorders":["no"],"_download_limit":["-1"],"_download_expiry":["-1"],"_downloadable":["no"],"_manage_stock":["no"],"_stock_status":["instock"],"_sold_individually":["no"],"_tax_class":[""],"_tax_status":["taxable"],"_virtual":["no"],"total_sales":["0"],"site-sidebar-layout":["default"],"theme-transparent-header-meta":["default"],"ast-site-content-layout":["default"],"site-content-style":["default"],"site-sidebar-style":["default"],"_top_nav_excluded":[""],"_cms_nav_minihome":[""],"wcml_sync_hash":["a:1:{s:15:\"postmeta_fields\";s:32:\"232ec97278cb38883df46e2f4e08dd48\";}"],"attr_label_translations":["a:0:{}"],"_product_attributes":["a:0:{}"],"_default_attributes":["a:0:{}"],"_upsell_ids":["a:0:{}"],"_crosssell_ids":["a:0:{}"],"_children":["a:0:{}"],"_thumbnail_id":["3034"],"_last_translation_edit_mode":["native-editor"],"_wpml_word_count":["{\"total\":162,\"to_translate\":{\"en\":162}}"],"_product_image_gallery":["3035,3036,3037"],"_edit_lock":["1735246340:1"],"rank_math_seo_score":["9"],"_edit_last":["1"],"_wcml_average_rating":[null],"_wcml_review_count":[null],"_wcml_rating_count":[null],"_stock":[null],"_wc_average_rating":["0"],"_wc_review_count":["0"],"_product_version":["9.5.1"],"rank_math_primary_product_cat":["0"],"astra-migrate-meta-layouts":["set"],"_wpml_media_duplicate":["1"],"_wpml_media_featured":["1"],"astra_style_timestamp_css":["1775062106"],"_uag_css_file_name":["uag-css-3091.css"],"_uag_page_assets":["a:9:{s:3:\"css\";s:0:\"\";s:2:\"js\";s:0:\"\";s:18:\"current_block_list\";a:9:{i:0;s:11:\"core\/search\";i:1;s:10:\"core\/group\";i:2;s:12:\"core\/heading\";i:3;s:17:\"core\/latest-posts\";i:4;s:20:\"core\/latest-comments\";i:5;s:13:\"core\/archives\";i:6;s:15:\"core\/categories\";i:7;s:30:\"woocommerce\/product-categories\";i:8;s:18:\"core\/legacy-widget\";}s:8:\"uag_flag\";b:0;s:11:\"uag_version\";s:10:\"1776095981\";s:6:\"gfonts\";a:0:{}s:10:\"gfonts_url\";s:0:\"\";s:12:\"gfonts_files\";a:0:{}s:14:\"uag_faq_layout\";b:0;}"]},"uagb_featured_image_src":{"full":["https:\/\/aykasa.com\/wp-content\/uploads\/2024\/12\/maxi-bag-38-22-52-1.jpg",1200,1200,false],"thumbnail":["https:\/\/aykasa.com\/wp-content\/uploads\/2024\/12\/maxi-bag-38-22-52-1-150x150.jpg",150,150,true],"medium":["https:\/\/aykasa.com\/wp-content\/uploads\/2024\/12\/maxi-bag-38-22-52-1-300x300.jpg",300,300,true],"medium_large":["https:\/\/aykasa.com\/wp-content\/uploads\/2024\/12\/maxi-bag-38-22-52-1-768x768.jpg",768,768,true],"large":["https:\/\/aykasa.com\/wp-content\/uploads\/2024\/12\/maxi-bag-38-22-52-1-1024x1024.jpg",1024,1024,true],"1536x1536":["https:\/\/aykasa.com\/wp-content\/uploads\/2024\/12\/maxi-bag-38-22-52-1.jpg",1200,1200,false],"2048x2048":["https:\/\/aykasa.com\/wp-content\/uploads\/2024\/12\/maxi-bag-38-22-52-1.jpg",1200,1200,false],"woocommerce_thumbnail":["https:\/\/aykasa.com\/wp-content\/uploads\/2024\/12\/maxi-bag-38-22-52-1-300x300.jpg",300,300,true],"woocommerce_single":["https:\/\/aykasa.com\/wp-content\/uploads\/2024\/12\/maxi-bag-38-22-52-1-600x600.jpg",600,600,true],"woocommerce_gallery_thumbnail":["https:\/\/aykasa.com\/wp-content\/uploads\/2024\/12\/maxi-bag-38-22-52-1-100x100.jpg",100,100,true]},"uagb_author_info":{"display_name":"Murat B","author_link":"https:\/\/aykasa.com\/tr\/author\/"},"uagb_comment_info":0,"uagb_excerpt":null,"_links":{"self":[{"href":"https:\/\/aykasa.com\/tr\/wp-json\/wp\/v2\/product\/3091","targetHints":{"allow":["GET"]}}],"collection":[{"href":"https:\/\/aykasa.com\/tr\/wp-json\/wp\/v2\/product"}],"about":[{"href":"https:\/\/aykasa.com\/tr\/wp-json\/wp\/v2\/types\/product"}],"wp:featuredmedia":[{"embeddable":true,"href":"https:\/\/aykasa.com\/tr\/wp-json\/wp\/v2\/media\/3034"}],"wp:attachment":[{"href":"https:\/\/aykasa.com\/tr\/wp-json\/wp\/v2\/media?parent=3091"}],"wp:term":[{"taxonomy":"product_brand","embeddable":true,"href":"https:\/\/aykasa.com\/tr\/wp-json\/wp\/v2\/product_brand?post=3091"},{"taxonomy":"product_cat","embeddable":true,"href":"https:\/\/aykasa.com\/tr\/wp-json\/wp\/v2\/product_cat?post=3091"},{"taxonomy":"product_tag","embeddable":true,"href":"https:\/\/aykasa.com\/tr\/wp-json\/wp\/v2\/product_tag?post=3091"}],"curies":[{"name":"wp","href":"https:\/\/api.w.org\/{rel}","templated":true}]}}