{"id":3090,"date":"2024-12-20T17:18:39","date_gmt":"2024-12-20T17:18:39","guid":{"rendered":"https:\/\/aykasa.com\/product\/maxi-kutu-konfor-kilidi-60x40x22\/"},"modified":"2024-12-28T11:41:17","modified_gmt":"2024-12-28T11:41:17","slug":"maxi-kasa-konfor-kilidi-60x40x22-2","status":"publish","type":"product","link":"https:\/\/aykasa.com\/tr\/product\/maxi-kasa-konfor-kilidi-60x40x22-2\/","title":{"rendered":"Maxi Kasa Konfor Kilidi 60x40x22"},"content":{"rendered":"<p>Aykasa&#8217;n\u0131z i\u00e7in en rahat ve pratik kilitleme sistemi. Aykasa&#8217;n\u0131z\u0131 sadece bir parmak kuvvetiyle 2 saniye i\u00e7inde kolayca katlayabilir ve a\u00e7abilirsiniz.<br \/>\nKasan\u0131n yanlar\u0131 a\u00e7\u0131ld\u0131\u011f\u0131nda kilitlenir. Kasan\u0131z\u0131 s\u0131k s\u0131k a\u00e7\u0131p katl\u0131yorsan\u0131z bu mekanizma tam size g\u00f6re! Aykasa katlan\u0131r kasalar, yarat\u0131c\u0131 ev organizasyonu ve depolama ama\u00e7lar\u0131 i\u00e7in tasarlanm\u0131\u015ft\u0131r. Farkl\u0131 boyut alternatifleri fonksiyonel kullan\u0131ma uygun, farkl\u0131 renk alternatifleri ise estetik zevkiniz i\u00e7indir. Katlan\u0131r kasalar\u0131 aktif olarak kullanmad\u0131\u011f\u0131n\u0131z durumlarda kasalar katlanarak yerden tasarruf sa\u011flar. \u00dcst \u00fcste istiflenebilirler ve y\u00fcksek a\u011f\u0131rl\u0131klar alt\u0131nda dayan\u0131kl\u0131d\u0131rlar. Evinizde, ofisinizde, do\u011fada, araban\u0131zda, deponuzda ve akl\u0131n\u0131za gelebilecek her yerde kullanabilirsiniz! \u00c7evre dostu: %100 geri d\u00f6n\u00fc\u015ft\u00fcr\u00fclebilir malzemeden (PP) \u00fcretilmi\u015ftir<br \/>\nHi\u00e7bir zararl\u0131 madde i\u00e7ermez, \u00e7ocuklar i\u00e7in g\u00fcvenlidir<br \/>\nAB g\u0131da g\u00fcvenli\u011fi standartlar\u0131na uygundur<br \/>\nKatlanabilir, istiflenebilir ve dayan\u0131kl\u0131d\u0131r<br \/>\nT\u00fcm b\u00f6lmeler \u00e7\u0131kar\u0131labilir ve y\u0131kanabilir.   <\/p>\n","protected":false},"excerpt":{"rendered":"<table class=\"table table-striped\" style=\"font-size: 15px;\">\n<thead>\n<tr>\n<th scope=\"col\">Maxi-Box Konfor Kilidi<\/th>\n<th scope=\"col\"><\/th>\n<\/tr>\n<\/thead>\n<tbody>\n<tr>\n<th scope=\"row\">D\u0131\u015f Boyutlar (mm) (G x G x Y)<\/th>\n<td>600 x 400 x 220<\/td>\n<\/tr>\n<tr>\n<th scope=\"row\">\u0130\u00e7 Boyutlar (mm) (G x G x Y)<\/th>\n<td>570 x 370 x 210<\/td>\n<\/tr>\n<tr>\n<th scope=\"row\">Katlanm\u0131\u015f Kutu Y\u00fcksekli\u011fi (mm)<\/th>\n<td>36<\/td>\n<\/tr>\n<tr>\n<th scope=\"row\">Hacim (lt)<\/th>\n<td>44,29<\/td>\n<\/tr>\n<tr>\n<th scope=\"row\">Y\u00fckleme Kapasitesi (kg)<\/th>\n<td>22<\/td>\n<\/tr>\n<tr>\n<th scope=\"row\">Dara A\u011f\u0131rl\u0131\u011f\u0131 (gr)<\/th>\n<td>1,820<\/td>\n<\/tr>\n<tr>\n<th scope=\"row\">Katmanlar**<\/th>\n<td>10<\/td>\n<\/tr>\n<tr>\n<th scope=\"row\">Katland\u0131\u011f\u0131nda Europallet \u00dczerindeki Katmanlar<\/th>\n<td>40<\/td>\n<\/tr>\n<tr>\n<th scope=\"row\">Katland\u0131\u011f\u0131nda ISO Palet \u00dczerindeki Katmanlar<\/th>\n<td>50<\/td>\n<\/tr>\n<tr>\n<th scope=\"row\">Europalet \u00dczerindeki Katlanm\u0131\u015f Kasalar\u0131n Birimleri**<\/th>\n<td>260<\/td>\n<\/tr>\n<tr>\n<th scope=\"row\">ISO Palet \u00dczerindeki Katlanm\u0131\u015f Kasalar\u0131n Birimleri**<\/th>\n<td>325<\/td>\n<\/tr>\n<tr>\n<th scope=\"row\">Katland\u0131\u011f\u0131nda Tasarruf Edilen Alan (%)<\/th>\n<td>84<\/td>\n<\/tr>\n<tr>\n<th scope=\"row\">Kamyondaki Katlanm\u0131\u015f Kasalar\u0131n Birimleri<\/th>\n<td>8.712<\/td>\n<\/tr>\n<tr>\n<th scope=\"row\">40 HC Konteyner<\/th>\n<td>7.370<\/td>\n<\/tr>\n<tr>\n<th scope=\"row\">40 DC Konteyner<\/th>\n<td>6.490<\/td>\n<\/tr>\n<tr>\n<th scope=\"row\">20 DC Konteyner<\/th>\n<td>2.950<\/td>\n<\/tr>\n<tr>\n<th scope=\"row\">* +\/- Tolerans<\/th>\n<td><\/td>\n<\/tr>\n<tr>\n<th scope=\"row\">** Palet Y\u00fcksekli\u011fi (cm)<\/th>\n<td>260<\/td>\n<\/tr>\n<\/tbody>\n<\/table>\n","protected":false},"featured_media":3059,"template":"","meta":{"_uag_custom_page_level_css":"","site-sidebar-layout":"default","site-content-layout":"","ast-site-content-layout":"default","site-content-style":"default","site-sidebar-style":"default","ast-global-header-display":"","ast-banner-title-visibility":"","ast-main-header-display":"","ast-hfb-above-header-display":"","ast-hfb-below-header-display":"","ast-hfb-mobile-header-display":"","site-post-title":"","ast-breadcrumbs-content":"","ast-featured-img":"","footer-sml-layout":"","ast-disable-related-posts":"","theme-transparent-header-meta":"default","adv-header-id-meta":"","stick-header-meta":"","header-above-stick-meta":"","header-main-stick-meta":"","header-below-stick-meta":"","astra-migrate-meta-layouts":"set","ast-page-background-enabled":"default","ast-page-background-meta":{"desktop":{"background-color":"","background-image":"","background-repeat":"repeat","background-position":"center center","background-size":"auto","background-attachment":"scroll","background-type":"","background-media":"","overlay-type":"","overlay-color":"","overlay-opacity":"","overlay-gradient":""},"tablet":{"background-color":"","background-image":"","background-repeat":"repeat","background-position":"center center","background-size":"auto","background-attachment":"scroll","background-type":"","background-media":"","overlay-type":"","overlay-color":"","overlay-opacity":"","overlay-gradient":""},"mobile":{"background-color":"","background-image":"","background-repeat":"repeat","background-position":"center center","background-size":"auto","background-attachment":"scroll","background-type":"","background-media":"","overlay-type":"","overlay-color":"","overlay-opacity":"","overlay-gradient":""}},"ast-content-background-meta":{"desktop":{"background-color":"var(--ast-global-color-5)","background-image":"","background-repeat":"repeat","background-position":"center center","background-size":"auto","background-attachment":"scroll","background-type":"","background-media":"","overlay-type":"","overlay-color":"","overlay-opacity":"","overlay-gradient":""},"tablet":{"background-color":"var(--ast-global-color-5)","background-image":"","background-repeat":"repeat","background-position":"center center","background-size":"auto","background-attachment":"scroll","background-type":"","background-media":"","overlay-type":"","overlay-color":"","overlay-opacity":"","overlay-gradient":""},"mobile":{"background-color":"var(--ast-global-color-5)","background-image":"","background-repeat":"repeat","background-position":"center center","background-size":"auto","background-attachment":"scroll","background-type":"","background-media":"","overlay-type":"","overlay-color":"","overlay-opacity":"","overlay-gradient":""}}},"product_brand":[],"product_cat":[61,56],"product_tag":[],"class_list":{"0":"post-3090","1":"product","2":"type-product","3":"status-publish","4":"has-post-thumbnail","6":"product_cat-buyuk-kasa-konforlu-kilit","7":"product_cat-meyve-ve-sebze-lojistik","8":"desktop-align-left","9":"tablet-align-left","10":"mobile-align-left","11":"ast-product-gallery-layout-first-image-large","12":"ast-product-gallery-with-no-image","13":"ast-product-tabs-layout-horizontal","15":"first","16":"instock","17":"shipping-taxable","18":"product-type-simple"},"spectra_custom_meta":{"rank_math_internal_links_processed":["1"],"_backorders":["no"],"_download_limit":["-1"],"_download_expiry":["-1"],"_downloadable":["no"],"_manage_stock":["no"],"_stock_status":["instock"],"_sold_individually":["no"],"_tax_class":[""],"_tax_status":["taxable"],"_virtual":["no"],"total_sales":["0"],"site-sidebar-layout":["default"],"theme-transparent-header-meta":["default"],"ast-site-content-layout":["default"],"site-content-style":["default"],"site-sidebar-style":["default"],"_top_nav_excluded":[""],"_cms_nav_minihome":[""],"wcml_sync_hash":["a:1:{s:15:\"postmeta_fields\";s:32:\"f563fd4b273154f1000f64c3c7376713\";}"],"attr_label_translations":["a:0:{}"],"_product_attributes":["a:0:{}"],"_default_attributes":["a:0:{}"],"_upsell_ids":["a:0:{}"],"_crosssell_ids":["a:0:{}"],"_children":["a:0:{}"],"_thumbnail_id":["3059"],"_last_translation_edit_mode":["native-editor"],"_wpml_word_count":["{\"total\":238,\"to_translate\":{\"en\":238}}"],"_edit_lock":["1735386183:1"],"rank_math_seo_score":["10"],"_edit_last":["1"],"_stock":[null],"_wc_average_rating":["0"],"_wc_review_count":["0"],"_product_version":["9.5.1"],"rank_math_primary_product_cat":["0"],"_wpml_media_duplicate":["1"],"_wpml_media_featured":["1"],"_wp_old_slug":["maxi-kutu-konfor-kilidi-60x40x22"],"_wcml_average_rating":[null],"_wcml_review_count":[null],"_wcml_rating_count":[null],"astra-migrate-meta-layouts":["set"],"astra_style_timestamp_css":["1775444461"],"_uag_css_file_name":["uag-css-3090.css"],"_uag_page_assets":["a:9:{s:3:\"css\";s:0:\"\";s:2:\"js\";s:0:\"\";s:18:\"current_block_list\";a:9:{i:0;s:11:\"core\/search\";i:1;s:10:\"core\/group\";i:2;s:12:\"core\/heading\";i:3;s:17:\"core\/latest-posts\";i:4;s:20:\"core\/latest-comments\";i:5;s:13:\"core\/archives\";i:6;s:15:\"core\/categories\";i:7;s:30:\"woocommerce\/product-categories\";i:8;s:18:\"core\/legacy-widget\";}s:8:\"uag_flag\";b:0;s:11:\"uag_version\";s:10:\"1776095979\";s:6:\"gfonts\";a:0:{}s:10:\"gfonts_url\";s:0:\"\";s:12:\"gfonts_files\";a:0:{}s:14:\"uag_faq_layout\";b:0;}"]},"uagb_featured_image_src":{"full":["https:\/\/aykasa.com\/wp-content\/uploads\/2024\/12\/maxi-box-60-40-22-comfort-lock-1.jpg",1200,1200,false],"thumbnail":["https:\/\/aykasa.com\/wp-content\/uploads\/2024\/12\/maxi-box-60-40-22-comfort-lock-1-150x150.jpg",150,150,true],"medium":["https:\/\/aykasa.com\/wp-content\/uploads\/2024\/12\/maxi-box-60-40-22-comfort-lock-1-300x300.jpg",300,300,true],"medium_large":["https:\/\/aykasa.com\/wp-content\/uploads\/2024\/12\/maxi-box-60-40-22-comfort-lock-1-768x768.jpg",768,768,true],"large":["https:\/\/aykasa.com\/wp-content\/uploads\/2024\/12\/maxi-box-60-40-22-comfort-lock-1-1024x1024.jpg",1024,1024,true],"1536x1536":["https:\/\/aykasa.com\/wp-content\/uploads\/2024\/12\/maxi-box-60-40-22-comfort-lock-1.jpg",1200,1200,false],"2048x2048":["https:\/\/aykasa.com\/wp-content\/uploads\/2024\/12\/maxi-box-60-40-22-comfort-lock-1.jpg",1200,1200,false],"woocommerce_thumbnail":["https:\/\/aykasa.com\/wp-content\/uploads\/2024\/12\/maxi-box-60-40-22-comfort-lock-1-300x300.jpg",300,300,true],"woocommerce_single":["https:\/\/aykasa.com\/wp-content\/uploads\/2024\/12\/maxi-box-60-40-22-comfort-lock-1-600x600.jpg",600,600,true],"woocommerce_gallery_thumbnail":["https:\/\/aykasa.com\/wp-content\/uploads\/2024\/12\/maxi-box-60-40-22-comfort-lock-1-100x100.jpg",100,100,true]},"uagb_author_info":{"display_name":"Murat B","author_link":"https:\/\/aykasa.com\/tr\/author\/"},"uagb_comment_info":0,"uagb_excerpt":"Maxi-Box Konfor Kilidi D\u0131\u015f Boyutlar (mm) (G x G x Y) 600 x 400 x 220 \u0130\u00e7 Boyutlar (mm) (G x G x Y) 570 x 370 x 210 Katlanm\u0131\u015f Kutu Y\u00fcksekli\u011fi (mm) 36 Hacim (lt) 44,29 Y\u00fckleme Kapasitesi (kg) 22 Dara A\u011f\u0131rl\u0131\u011f\u0131 (gr) 1,820 Katmanlar** 10 Katland\u0131\u011f\u0131nda Europallet \u00dczerindeki Katmanlar 40 Katland\u0131\u011f\u0131nda ISO Palet&hellip;","_links":{"self":[{"href":"https:\/\/aykasa.com\/tr\/wp-json\/wp\/v2\/product\/3090","targetHints":{"allow":["GET"]}}],"collection":[{"href":"https:\/\/aykasa.com\/tr\/wp-json\/wp\/v2\/product"}],"about":[{"href":"https:\/\/aykasa.com\/tr\/wp-json\/wp\/v2\/types\/product"}],"wp:featuredmedia":[{"embeddable":true,"href":"https:\/\/aykasa.com\/tr\/wp-json\/wp\/v2\/media\/3059"}],"wp:attachment":[{"href":"https:\/\/aykasa.com\/tr\/wp-json\/wp\/v2\/media?parent=3090"}],"wp:term":[{"taxonomy":"product_brand","embeddable":true,"href":"https:\/\/aykasa.com\/tr\/wp-json\/wp\/v2\/product_brand?post=3090"},{"taxonomy":"product_cat","embeddable":true,"href":"https:\/\/aykasa.com\/tr\/wp-json\/wp\/v2\/product_cat?post=3090"},{"taxonomy":"product_tag","embeddable":true,"href":"https:\/\/aykasa.com\/tr\/wp-json\/wp\/v2\/product_tag?post=3090"}],"curies":[{"name":"wp","href":"https:\/\/api.w.org\/{rel}","templated":true}]}}