{"id":3087,"date":"2024-12-10T19:59:34","date_gmt":"2024-12-10T19:59:34","guid":{"rendered":"https:\/\/aykasa.com\/product\/midi-vazo-baza-25x30x25\/"},"modified":"2024-12-26T20:51:17","modified_gmt":"2024-12-26T20:51:17","slug":"midi-vazo-baza-25x30x25","status":"publish","type":"product","link":"https:\/\/aykasa.com\/tr\/product\/midi-vazo-baza-25x30x25\/","title":{"rendered":"Midi Vazo-Baza 25x30x25"},"content":{"rendered":"<p>\u00c7i\u00e7ek kreasyonlar\u0131n\u0131z\u0131n sunumunu y\u00fckseltmek i\u00e7in vazge\u00e7ilmez bir unsur olan Aykasa Florist Vazo Taban Par\u00e7as\u0131 Badem Ye\u015fili&#8217;ni ke\u015ffedin.<\/p>\n<p>\u00d6z\u00fcnde hassasiyet ve s\u00fcrd\u00fcr\u00fclebilirlikle \u00fcretilen bu yenilik\u00e7i taban par\u00e7as\u0131, her t\u00fcrl\u00fc \u00e7i\u00e7ek aranjman\u0131n\u0131n g\u00fczelli\u011fini zahmetsizce art\u0131r\u0131r.<\/p>\n<p>Birinci s\u0131n\u0131f, \u00e7evre dostu malzemelerden \u00fcretilen Aykasa Florist Vazo Taban Par\u00e7as\u0131, stili \u00e7evre bilinciyle kusursuz bir \u015fekilde birle\u015ftirerek ev dekorasyonu ihtiya\u00e7lar\u0131n\u0131z i\u00e7in \u015f\u0131k ve sorumlu bir \u00e7\u00f6z\u00fcm sunar.<\/p>\n<p>\u015e\u0131k tasar\u0131m\u0131, modern veya geleneksel esteti\u011fi sorunsuz bir \u015fekilde tamamlayarak her ortama sofistike bir unsur katar.<\/p>\n<p>\u00c7ok y\u00f6nl\u00fc ve i\u015flevsel olan bu taban par\u00e7as\u0131, Aykasa&#8217;n\u0131n katlanabilir saklama kasalar\u0131na zahmetsizce tak\u0131larak onlar\u0131 an\u0131nda en sevdi\u011finiz \u00e7i\u00e7ekler i\u00e7in zarif kaplara d\u00f6n\u00fc\u015ft\u00fcr\u00fcr. \u0130ster tek bir sap\u0131 sergiliyor ister \u00e7arp\u0131c\u0131 bir orta s\u00fcs\u00fc olu\u015fturuyor olun, Aykasa Florist Taban Par\u00e7as\u0131 yarat\u0131c\u0131 \u00e7al\u0131\u015fmalar\u0131n\u0131z i\u00e7in ideal bir temel sa\u011flar.<\/p>\n<p>Dayan\u0131kl\u0131l\u0131k g\u00f6z \u00f6n\u00fcnde bulundurularak tasarland\u0131\u011f\u0131ndan, \u00e7i\u00e7ek aranjmanlar\u0131n\u0131z\u0131n g\u00fcvenli bir \u015fekilde desteklenece\u011fine ve g\u00fczelliklerinin tad\u0131n\u0131 daha uzun s\u00fcre \u00e7\u0131karman\u0131za olanak tan\u0131yaca\u011f\u0131na g\u00fcvenebilirsiniz. Ya\u015fam alan\u0131n\u0131z\u0131 Aykasa Florist Taban Par\u00e7as\u0131 ile y\u00fckseltin, do\u011fan\u0131n canl\u0131l\u0131\u011f\u0131n\u0131 kolayl\u0131kla i\u00e7 mekana ta\u015f\u0131y\u0131n.<\/p>\n<p>Aykasa Florist Taban Par\u00e7as\u0131 ile evinizi g\u00fczellik ve zarafet dolu bir mabede d\u00f6n\u00fc\u015ft\u00fcr\u00fcn.<\/p>\n<p>Daha s\u00fcrd\u00fcr\u00fclebilir bir ya\u015fam tarz\u0131na katk\u0131da bulunurken \u00e7i\u00e7ek sergilerinizi zahmetsizce geli\u015ftirin. Stil ve i\u015flevselli\u011fin m\u00fckemmel birle\u015fimini bug\u00fcn deneyimleyin!<\/p>\n","protected":false},"excerpt":{"rendered":"<p><img loading=\"lazy\" decoding=\"async\" class=\"alignnone size-full wp-image-2474\" src=\"https:\/\/aykasa.com\/wp-content\/uploads\/2024\/12\/midi-vase-base.jpg\" alt=\"\" width=\"550\" height=\"600\" srcset=\"https:\/\/aykasa.com\/wp-content\/uploads\/2024\/12\/midi-vase-base.jpg 550w, https:\/\/aykasa.com\/wp-content\/uploads\/2024\/12\/midi-vase-base-275x300.jpg 275w\" sizes=\"auto, (max-width: 550px) 100vw, 550px\" \/><\/p>\n","protected":false},"featured_media":3041,"template":"","meta":{"_uag_custom_page_level_css":"","site-sidebar-layout":"default","site-content-layout":"","ast-site-content-layout":"default","site-content-style":"default","site-sidebar-style":"default","ast-global-header-display":"","ast-banner-title-visibility":"","ast-main-header-display":"","ast-hfb-above-header-display":"","ast-hfb-below-header-display":"","ast-hfb-mobile-header-display":"","site-post-title":"","ast-breadcrumbs-content":"","ast-featured-img":"","footer-sml-layout":"","ast-disable-related-posts":"","theme-transparent-header-meta":"default","adv-header-id-meta":"","stick-header-meta":"","header-above-stick-meta":"","header-main-stick-meta":"","header-below-stick-meta":"","astra-migrate-meta-layouts":"set","ast-page-background-enabled":"default","ast-page-background-meta":{"desktop":{"background-color":"","background-image":"","background-repeat":"repeat","background-position":"center center","background-size":"auto","background-attachment":"scroll","background-type":"","background-media":"","overlay-type":"","overlay-color":"","overlay-opacity":"","overlay-gradient":""},"tablet":{"background-color":"","background-image":"","background-repeat":"repeat","background-position":"center center","background-size":"auto","background-attachment":"scroll","background-type":"","background-media":"","overlay-type":"","overlay-color":"","overlay-opacity":"","overlay-gradient":""},"mobile":{"background-color":"","background-image":"","background-repeat":"repeat","background-position":"center center","background-size":"auto","background-attachment":"scroll","background-type":"","background-media":"","overlay-type":"","overlay-color":"","overlay-opacity":"","overlay-gradient":""}},"ast-content-background-meta":{"desktop":{"background-color":"var(--ast-global-color-5)","background-image":"","background-repeat":"repeat","background-position":"center center","background-size":"auto","background-attachment":"scroll","background-type":"","background-media":"","overlay-type":"","overlay-color":"","overlay-opacity":"","overlay-gradient":""},"tablet":{"background-color":"var(--ast-global-color-5)","background-image":"","background-repeat":"repeat","background-position":"center center","background-size":"auto","background-attachment":"scroll","background-type":"","background-media":"","overlay-type":"","overlay-color":"","overlay-opacity":"","overlay-gradient":""},"mobile":{"background-color":"var(--ast-global-color-5)","background-image":"","background-repeat":"repeat","background-position":"center center","background-size":"auto","background-attachment":"scroll","background-type":"","background-media":"","overlay-type":"","overlay-color":"","overlay-opacity":"","overlay-gradient":""}}},"product_brand":[],"product_cat":[55,57],"product_tag":[],"class_list":{"0":"post-3087","1":"product","2":"type-product","3":"status-publish","4":"has-post-thumbnail","6":"product_cat-cicekci-vazolari","7":"product_cat-kucuk-vazo-tabani","8":"desktop-align-left","9":"tablet-align-left","10":"mobile-align-left","11":"ast-product-gallery-layout-first-image-large","12":"ast-product-gallery-with-no-image","13":"ast-product-tabs-layout-horizontal","15":"first","16":"instock","17":"shipping-taxable","18":"product-type-simple"},"spectra_custom_meta":{"rank_math_internal_links_processed":["1"],"_backorders":["no"],"_download_limit":["-1"],"_download_expiry":["-1"],"_downloadable":["no"],"_manage_stock":["no"],"_stock_status":["instock"],"_sold_individually":["no"],"_tax_class":[""],"_tax_status":["taxable"],"_virtual":["no"],"total_sales":["0"],"site-sidebar-layout":["default"],"theme-transparent-header-meta":["default"],"ast-site-content-layout":["default"],"site-content-style":["default"],"site-sidebar-style":["default"],"_top_nav_excluded":[""],"_cms_nav_minihome":[""],"wcml_sync_hash":["a:1:{s:15:\"postmeta_fields\";s:32:\"31629a39b71807c389679b1435c4d0ca\";}"],"attr_label_translations":["a:0:{}"],"_product_attributes":["a:0:{}"],"_default_attributes":["a:0:{}"],"_upsell_ids":["a:0:{}"],"_crosssell_ids":["a:0:{}"],"_children":["a:0:{}"],"_thumbnail_id":["3041"],"_last_translation_edit_mode":["native-editor"],"_wpml_word_count":["{\"total\":199,\"to_translate\":{\"en\":199}}"],"_edit_lock":["1735246204:1"],"rank_math_seo_score":["9"],"_edit_last":["1"],"_wcml_average_rating":[null],"_wcml_review_count":[null],"_wcml_rating_count":[null],"_stock":[null],"_wc_average_rating":["0"],"_wc_review_count":["0"],"_product_version":["9.5.1"],"rank_math_primary_product_cat":["0"],"astra-migrate-meta-layouts":["set"],"_wpml_media_duplicate":["1"],"_wpml_media_featured":["1"],"astra_style_timestamp_css":["1774494113"],"_uag_page_assets":["a:9:{s:3:\"css\";s:0:\"\";s:2:\"js\";s:0:\"\";s:18:\"current_block_list\";a:9:{i:0;s:11:\"core\/search\";i:1;s:10:\"core\/group\";i:2;s:12:\"core\/heading\";i:3;s:17:\"core\/latest-posts\";i:4;s:20:\"core\/latest-comments\";i:5;s:13:\"core\/archives\";i:6;s:15:\"core\/categories\";i:7;s:30:\"woocommerce\/product-categories\";i:8;s:18:\"core\/legacy-widget\";}s:8:\"uag_flag\";b:0;s:11:\"uag_version\";s:10:\"1776091391\";s:6:\"gfonts\";a:0:{}s:10:\"gfonts_url\";s:0:\"\";s:12:\"gfonts_files\";a:0:{}s:14:\"uag_faq_layout\";b:0;}"]},"uagb_featured_image_src":{"full":["https:\/\/aykasa.com\/wp-content\/uploads\/2024\/12\/midi-vase-base-25-30-25-2.jpg",1200,1200,false],"thumbnail":["https:\/\/aykasa.com\/wp-content\/uploads\/2024\/12\/midi-vase-base-25-30-25-2-150x150.jpg",150,150,true],"medium":["https:\/\/aykasa.com\/wp-content\/uploads\/2024\/12\/midi-vase-base-25-30-25-2-300x300.jpg",300,300,true],"medium_large":["https:\/\/aykasa.com\/wp-content\/uploads\/2024\/12\/midi-vase-base-25-30-25-2-768x768.jpg",768,768,true],"large":["https:\/\/aykasa.com\/wp-content\/uploads\/2024\/12\/midi-vase-base-25-30-25-2-1024x1024.jpg",1024,1024,true],"1536x1536":["https:\/\/aykasa.com\/wp-content\/uploads\/2024\/12\/midi-vase-base-25-30-25-2.jpg",1200,1200,false],"2048x2048":["https:\/\/aykasa.com\/wp-content\/uploads\/2024\/12\/midi-vase-base-25-30-25-2.jpg",1200,1200,false],"woocommerce_thumbnail":["https:\/\/aykasa.com\/wp-content\/uploads\/2024\/12\/midi-vase-base-25-30-25-2-300x300.jpg",300,300,true],"woocommerce_single":["https:\/\/aykasa.com\/wp-content\/uploads\/2024\/12\/midi-vase-base-25-30-25-2-600x600.jpg",600,600,true],"woocommerce_gallery_thumbnail":["https:\/\/aykasa.com\/wp-content\/uploads\/2024\/12\/midi-vase-base-25-30-25-2-100x100.jpg",100,100,true]},"uagb_author_info":{"display_name":"Murat B","author_link":"https:\/\/aykasa.com\/tr\/author\/"},"uagb_comment_info":0,"uagb_excerpt":null,"_links":{"self":[{"href":"https:\/\/aykasa.com\/tr\/wp-json\/wp\/v2\/product\/3087","targetHints":{"allow":["GET"]}}],"collection":[{"href":"https:\/\/aykasa.com\/tr\/wp-json\/wp\/v2\/product"}],"about":[{"href":"https:\/\/aykasa.com\/tr\/wp-json\/wp\/v2\/types\/product"}],"wp:featuredmedia":[{"embeddable":true,"href":"https:\/\/aykasa.com\/tr\/wp-json\/wp\/v2\/media\/3041"}],"wp:attachment":[{"href":"https:\/\/aykasa.com\/tr\/wp-json\/wp\/v2\/media?parent=3087"}],"wp:term":[{"taxonomy":"product_brand","embeddable":true,"href":"https:\/\/aykasa.com\/tr\/wp-json\/wp\/v2\/product_brand?post=3087"},{"taxonomy":"product_cat","embeddable":true,"href":"https:\/\/aykasa.com\/tr\/wp-json\/wp\/v2\/product_cat?post=3087"},{"taxonomy":"product_tag","embeddable":true,"href":"https:\/\/aykasa.com\/tr\/wp-json\/wp\/v2\/product_tag?post=3087"}],"curies":[{"name":"wp","href":"https:\/\/api.w.org\/{rel}","templated":true}]}}