{"id":3529,"date":"2024-12-10T19:59:34","date_gmt":"2024-12-10T19:59:34","guid":{"rendered":"https:\/\/aykasa.com\/product\/jarron-base-midi-25x30x25\/"},"modified":"2025-01-04T14:13:53","modified_gmt":"2025-01-04T14:13:53","slug":"jarron-base-midi-25x30x25","status":"publish","type":"product","link":"https:\/\/aykasa.com\/es\/product\/jarron-base-midi-25x30x25\/","title":{"rendered":"Jarr\u00f3n-base Midi 25x30x25"},"content":{"rendered":"<p>Descubre la Pieza Base para Florero Aykasa Verde Almendra, un elemento esencial para elevar la presentaci\u00f3n de tus creaciones florales. Fabricada con precisi\u00f3n y sostenibilidad, esta innovadora base realza sin esfuerzo la belleza de cualquier arreglo floral. Fabricada con materiales ecol\u00f3gicos de primera calidad, la Base para Florero Aykasa combina a la perfecci\u00f3n el estilo con la conciencia medioambiental, ofreciendo una soluci\u00f3n elegante y responsable para tus necesidades de decoraci\u00f3n del hogar. Su elegante dise\u00f1o a\u00f1ade un elemento de sofisticaci\u00f3n a cualquier ambiente, complementando a la perfecci\u00f3n la est\u00e9tica moderna o tradicional. Vers\u00e1til y funcional, esta pieza base se acopla sin esfuerzo a las cajas de almacenaje plegables Aykasa, transform\u00e1ndolas al instante en elegantes contenedores para tus flores favoritas. Tanto si est\u00e1s exhibiendo un solo tallo como creando un llamativo centro de mesa, la Pieza Base Florister\u00eda Aykasa proporciona la base ideal para tus esfuerzos creativos. Construida pensando en la durabilidad, puedes confiar en que tus arreglos florales estar\u00e1n bien sujetos, permiti\u00e9ndote disfrutar de su belleza durante m\u00e1s tiempo. Eleva tu espacio vital con la Base Floral Aykasa y lleva la vitalidad de la naturaleza al interior con facilidad. Transforma tu hogar en un santuario de belleza y elegancia con la Base de Florister\u00eda Aykasa. Realza tus exhibiciones florales sin esfuerzo, al tiempo que contribuyes a un estilo de vida m\u00e1s sostenible. \u00a1Experimenta hoy mismo la fusi\u00f3n perfecta de estilo y funcionalidad!<\/p>\n","protected":false},"excerpt":{"rendered":"<p><img loading=\"lazy\" decoding=\"async\" class=\"alignnone size-full wp-image-2474\" src=\"https:\/\/aykasa.com\/wp-content\/uploads\/2024\/12\/midi-vase-base.jpg\" alt=\"\" width=\"550\" height=\"600\" srcset=\"https:\/\/aykasa.com\/wp-content\/uploads\/2024\/12\/midi-vase-base.jpg 550w, https:\/\/aykasa.com\/wp-content\/uploads\/2024\/12\/midi-vase-base-275x300.jpg 275w\" sizes=\"auto, (max-width: 550px) 100vw, 550px\" \/><\/p>\n","protected":false},"featured_media":3531,"template":"","meta":{"_uag_custom_page_level_css":"","site-sidebar-layout":"default","site-content-layout":"","ast-site-content-layout":"default","site-content-style":"default","site-sidebar-style":"default","ast-global-header-display":"","ast-banner-title-visibility":"","ast-main-header-display":"","ast-hfb-above-header-display":"","ast-hfb-below-header-display":"","ast-hfb-mobile-header-display":"","site-post-title":"","ast-breadcrumbs-content":"","ast-featured-img":"","footer-sml-layout":"","ast-disable-related-posts":"","theme-transparent-header-meta":"default","adv-header-id-meta":"","stick-header-meta":"","header-above-stick-meta":"","header-main-stick-meta":"","header-below-stick-meta":"","astra-migrate-meta-layouts":"set","ast-page-background-enabled":"default","ast-page-background-meta":{"desktop":{"background-color":"","background-image":"","background-repeat":"repeat","background-position":"center center","background-size":"auto","background-attachment":"scroll","background-type":"","background-media":"","overlay-type":"","overlay-color":"","overlay-opacity":"","overlay-gradient":""},"tablet":{"background-color":"","background-image":"","background-repeat":"repeat","background-position":"center center","background-size":"auto","background-attachment":"scroll","background-type":"","background-media":"","overlay-type":"","overlay-color":"","overlay-opacity":"","overlay-gradient":""},"mobile":{"background-color":"","background-image":"","background-repeat":"repeat","background-position":"center center","background-size":"auto","background-attachment":"scroll","background-type":"","background-media":"","overlay-type":"","overlay-color":"","overlay-opacity":"","overlay-gradient":""}},"ast-content-background-meta":{"desktop":{"background-color":"var(--ast-global-color-5)","background-image":"","background-repeat":"repeat","background-position":"center center","background-size":"auto","background-attachment":"scroll","background-type":"","background-media":"","overlay-type":"","overlay-color":"","overlay-opacity":"","overlay-gradient":""},"tablet":{"background-color":"var(--ast-global-color-5)","background-image":"","background-repeat":"repeat","background-position":"center center","background-size":"auto","background-attachment":"scroll","background-type":"","background-media":"","overlay-type":"","overlay-color":"","overlay-opacity":"","overlay-gradient":""},"mobile":{"background-color":"var(--ast-global-color-5)","background-image":"","background-repeat":"repeat","background-position":"center center","background-size":"auto","background-attachment":"scroll","background-type":"","background-media":"","overlay-type":"","overlay-color":"","overlay-opacity":"","overlay-gradient":""}}},"product_brand":[],"product_cat":[89,94],"product_tag":[],"class_list":{"0":"post-3529","1":"product","2":"type-product","3":"status-publish","4":"has-post-thumbnail","6":"product_cat-jarrones-para-floristas","7":"product_cat-parte-superior-de-jarron-grande","8":"desktop-align-left","9":"tablet-align-left","10":"mobile-align-left","11":"ast-product-gallery-layout-first-image-large","12":"ast-product-gallery-with-no-image","13":"ast-product-tabs-layout-horizontal","15":"first","16":"instock","17":"shipping-taxable","18":"product-type-simple"},"spectra_custom_meta":{"rank_math_internal_links_processed":["1"],"_backorders":["no"],"_download_limit":["-1"],"_download_expiry":["-1"],"_downloadable":["no"],"_manage_stock":["no"],"_stock_status":["instock"],"_sold_individually":["no"],"_tax_class":[""],"_tax_status":["taxable"],"_virtual":["no"],"total_sales":["0"],"site-sidebar-layout":["default"],"theme-transparent-header-meta":["default"],"ast-site-content-layout":["default"],"site-content-style":["default"],"site-sidebar-style":["default"],"_top_nav_excluded":[""],"_cms_nav_minihome":[""],"wcml_sync_hash":["a:1:{s:15:\"postmeta_fields\";s:32:\"31629a39b71807c389679b1435c4d0ca\";}"],"attr_label_translations":["a:0:{}"],"_product_attributes":["a:0:{}"],"_default_attributes":["a:0:{}"],"_upsell_ids":["a:0:{}"],"_crosssell_ids":["a:0:{}"],"_children":["a:0:{}"],"_thumbnail_id":["3531"],"_last_translation_edit_mode":["native-editor"],"_edit_lock":["1736000295:1"],"rank_math_seo_score":["9"],"_edit_last":["1"],"_wcml_average_rating":[null],"_wcml_review_count":[null],"_wcml_rating_count":[null],"_stock":[null],"_wc_average_rating":["0"],"_wc_review_count":["0"],"_product_version":["9.5.1"],"rank_math_primary_product_cat":["0"],"astra-migrate-meta-layouts":["set"],"_wpml_media_duplicate":["1"],"_wpml_media_featured":["1"],"astra_style_timestamp_css":["1774508848"]},"uagb_featured_image_src":{"full":["https:\/\/aykasa.com\/wp-content\/uploads\/2024\/12\/midi-vase-base-25-30-25-2.jpg",1200,1200,false],"thumbnail":["https:\/\/aykasa.com\/wp-content\/uploads\/2024\/12\/midi-vase-base-25-30-25-2-150x150.jpg",150,150,true],"medium":["https:\/\/aykasa.com\/wp-content\/uploads\/2024\/12\/midi-vase-base-25-30-25-2-300x300.jpg",300,300,true],"medium_large":["https:\/\/aykasa.com\/wp-content\/uploads\/2024\/12\/midi-vase-base-25-30-25-2-768x768.jpg",768,768,true],"large":["https:\/\/aykasa.com\/wp-content\/uploads\/2024\/12\/midi-vase-base-25-30-25-2-1024x1024.jpg",1024,1024,true],"1536x1536":["https:\/\/aykasa.com\/wp-content\/uploads\/2024\/12\/midi-vase-base-25-30-25-2.jpg",1200,1200,false],"2048x2048":["https:\/\/aykasa.com\/wp-content\/uploads\/2024\/12\/midi-vase-base-25-30-25-2.jpg",1200,1200,false],"woocommerce_thumbnail":["https:\/\/aykasa.com\/wp-content\/uploads\/2024\/12\/midi-vase-base-25-30-25-2-300x300.jpg",300,300,true],"woocommerce_single":["https:\/\/aykasa.com\/wp-content\/uploads\/2024\/12\/midi-vase-base-25-30-25-2-600x600.jpg",600,600,true],"woocommerce_gallery_thumbnail":["https:\/\/aykasa.com\/wp-content\/uploads\/2024\/12\/midi-vase-base-25-30-25-2-100x100.jpg",100,100,true]},"uagb_author_info":{"display_name":"Murat B","author_link":"https:\/\/aykasa.com\/es\/author\/"},"uagb_comment_info":0,"uagb_excerpt":null,"_links":{"self":[{"href":"https:\/\/aykasa.com\/es\/wp-json\/wp\/v2\/product\/3529","targetHints":{"allow":["GET"]}}],"collection":[{"href":"https:\/\/aykasa.com\/es\/wp-json\/wp\/v2\/product"}],"about":[{"href":"https:\/\/aykasa.com\/es\/wp-json\/wp\/v2\/types\/product"}],"wp:featuredmedia":[{"embeddable":true,"href":"https:\/\/aykasa.com\/es\/wp-json\/wp\/v2\/media\/3531"}],"wp:attachment":[{"href":"https:\/\/aykasa.com\/es\/wp-json\/wp\/v2\/media?parent=3529"}],"wp:term":[{"taxonomy":"product_brand","embeddable":true,"href":"https:\/\/aykasa.com\/es\/wp-json\/wp\/v2\/product_brand?post=3529"},{"taxonomy":"product_cat","embeddable":true,"href":"https:\/\/aykasa.com\/es\/wp-json\/wp\/v2\/product_cat?post=3529"},{"taxonomy":"product_tag","embeddable":true,"href":"https:\/\/aykasa.com\/es\/wp-json\/wp\/v2\/product_tag?post=3529"}],"curies":[{"name":"wp","href":"https:\/\/api.w.org\/{rel}","templated":true}]}}