{"id":3380,"date":"2024-12-05T10:13:24","date_gmt":"2024-12-05T10:13:24","guid":{"rendered":"https:\/\/aykasa.com\/product\/caja-midi-economy-50x40x16\/"},"modified":"2025-01-04T13:32:40","modified_gmt":"2025-01-04T13:32:40","slug":"caja-midi-economy-50x40x16","status":"publish","type":"product","link":"https:\/\/aykasa.com\/es\/product\/caja-midi-economy-50x40x16\/","title":{"rendered":"Caja Midi Economy 50x40x16"},"content":{"rendered":"<p>Fabricadas con materiales sostenibles de primera calidad, las cajas plegables Aykasa Midibox combinan a la perfecci\u00f3n funcionalidad y responsabilidad medioambiental, proporcionando una opci\u00f3n elegante y consciente para ordenar tu casa u oficina. Su dise\u00f1o minimalista complementa sin esfuerzo varios estilos de decoraci\u00f3n, a\u00f1adiendo un toque de estilo contempor\u00e1neo a tu entorno. Disponibles en varios tonos vivos, estas cajas te permiten infundir personalidad a tu sistema de almacenamiento. Tanto si est\u00e1s ordenando tus estanter\u00edas, clasificando material para manualidades o almacenando juguetes, las cajas plegables Midibox Aykasa ofrecen soluciones de almacenamiento flexibles y adaptadas a tus necesidades. Gracias a su dise\u00f1o plegable, estas cajas se pliegan con facilidad, optimizando el espacio y garantizando un almacenamiento sin complicaciones cuando no se utilizan. Tanto si las utilizas en casa, en el trabajo o de viaje, las cajas plegables Aykasa Midibox est\u00e1n dise\u00f1adas para ofrecer eficacia y comodidad. Mejora tu experiencia de almacenamiento con las cajas plegables Aykasa Midibox y disfruta de la combinaci\u00f3n perfecta de funcionalidad y est\u00e9tica. Simplifica tu estilo de vida y adopta la sostenibilidad con estas soluciones de almacenamiento ecol\u00f3gicas. <\/p>\n","protected":false},"excerpt":{"rendered":"<p>Esta dimensi\u00f3n se produce en los pedidos de log\u00edstica alimentaria<br \/>\nB2B y no est\u00e1 activa en los art\u00edculos propios.<\/p>\n<table class=\"table table-striped\" style=\"font-size: 15px;\">\n<thead>\n<tr>\n<th scope=\"col\">Midi-Box (Econ\u00f3mica)<\/th>\n<th scope=\"col\"><\/th>\n<\/tr>\n<\/thead>\n<tbody>\n<tr>\n<th scope=\"row\">Dimensiones exteriores (mm)(I x An x Al)<\/th>\n<td>500 x 400 x 160<\/td>\n<\/tr>\n<tr>\n<th scope=\"row\">Dimensiones interiores (mm) (I x An x Al)<\/th>\n<td>476 x 376 x 155<\/td>\n<\/tr>\n<tr>\n<th scope=\"row\">Altura de la caja plegada (mm)<\/th>\n<td>27<\/td>\n<\/tr>\n<tr>\n<th scope=\"row\">Volumen (lt)<\/th>\n<td>27,7<\/td>\n<\/tr>\n<tr>\n<th scope=\"row\">Capacidad de carga (kg)<\/th>\n<td>14<\/td>\n<\/tr>\n<tr>\n<th scope=\"row\">Peso de tara (gr)<\/th>\n<td>620<\/td>\n<\/tr>\n<tr>\n<th scope=\"row\">Capas**<\/th>\n<td>14<\/td>\n<\/tr>\n<tr>\n<th scope=\"row\">Capas del Europalet cuando est\u00e1 plegado<\/th>\n<td>&#8211;<\/td>\n<\/tr>\n<tr>\n<th scope=\"row\">Capas en la paleta ISO cuando est\u00e1 plegada<\/th>\n<td>84<\/td>\n<\/tr>\n<tr>\n<th scope=\"row\">Unidades de cajas plegadas en europalet**<\/th>\n<td>540<\/td>\n<\/tr>\n<tr>\n<th scope=\"row\">Unidades de cajas plegadas en palet ISO**<\/th>\n<td>540<\/td>\n<\/tr>\n<tr>\n<th scope=\"row\">Espacio ahorrado al plegarlo (%)<\/th>\n<td>84<\/td>\n<\/tr>\n<tr>\n<th scope=\"row\">Unidades de cajas plegadas en cami\u00f3n<\/th>\n<td>18,720<\/td>\n<\/tr>\n<tr>\n<th scope=\"row\">Contenedor 40 HC<\/th>\n<td>12.012<\/td>\n<\/tr>\n<tr>\n<th scope=\"row\">Contenedor 40 CC<\/th>\n<td>10.560<\/td>\n<\/tr>\n<tr>\n<th scope=\"row\">Contenedor 20 CC<\/th>\n<td>4.800<\/td>\n<\/tr>\n<tr>\n<th scope=\"row\">* +\/- Tolerancia<\/th>\n<td><\/td>\n<\/tr>\n<tr>\n<th scope=\"row\">** Altura de la paleta (cm)<\/th>\n<td>260<\/td>\n<\/tr>\n<\/tbody>\n<\/table>\n","protected":false},"featured_media":3382,"template":"","meta":{"_uag_custom_page_level_css":"","site-sidebar-layout":"default","site-content-layout":"","ast-site-content-layout":"default","site-content-style":"default","site-sidebar-style":"default","ast-global-header-display":"","ast-banner-title-visibility":"","ast-main-header-display":"","ast-hfb-above-header-display":"","ast-hfb-below-header-display":"","ast-hfb-mobile-header-display":"","site-post-title":"","ast-breadcrumbs-content":"","ast-featured-img":"","footer-sml-layout":"","ast-disable-related-posts":"","theme-transparent-header-meta":"default","adv-header-id-meta":"","stick-header-meta":"","header-above-stick-meta":"","header-main-stick-meta":"","header-below-stick-meta":"","astra-migrate-meta-layouts":"set","ast-page-background-enabled":"default","ast-page-background-meta":{"desktop":{"background-color":"","background-image":"","background-repeat":"repeat","background-position":"center center","background-size":"auto","background-attachment":"scroll","background-type":"","background-media":"","overlay-type":"","overlay-color":"","overlay-opacity":"","overlay-gradient":""},"tablet":{"background-color":"","background-image":"","background-repeat":"repeat","background-position":"center center","background-size":"auto","background-attachment":"scroll","background-type":"","background-media":"","overlay-type":"","overlay-color":"","overlay-opacity":"","overlay-gradient":""},"mobile":{"background-color":"","background-image":"","background-repeat":"repeat","background-position":"center center","background-size":"auto","background-attachment":"scroll","background-type":"","background-media":"","overlay-type":"","overlay-color":"","overlay-opacity":"","overlay-gradient":""}},"ast-content-background-meta":{"desktop":{"background-color":"var(--ast-global-color-5)","background-image":"","background-repeat":"repeat","background-position":"center center","background-size":"auto","background-attachment":"scroll","background-type":"","background-media":"","overlay-type":"","overlay-color":"","overlay-opacity":"","overlay-gradient":""},"tablet":{"background-color":"var(--ast-global-color-5)","background-image":"","background-repeat":"repeat","background-position":"center center","background-size":"auto","background-attachment":"scroll","background-type":"","background-media":"","overlay-type":"","overlay-color":"","overlay-opacity":"","overlay-gradient":""},"mobile":{"background-color":"var(--ast-global-color-5)","background-image":"","background-repeat":"repeat","background-position":"center center","background-size":"auto","background-attachment":"scroll","background-type":"","background-media":"","overlay-type":"","overlay-color":"","overlay-opacity":"","overlay-gradient":""}}},"product_brand":[],"product_cat":[88,82],"product_tag":[],"class_list":{"0":"post-3380","1":"product","2":"type-product","3":"status-publish","4":"has-post-thumbnail","6":"product_cat-caja-midi-economica","7":"product_cat-logistica-de-frutas-y-verduras","8":"desktop-align-left","9":"tablet-align-left","10":"mobile-align-left","11":"ast-product-gallery-layout-first-image-large","12":"ast-product-gallery-with-no-image","13":"ast-product-tabs-layout-horizontal","15":"first","16":"instock","17":"shipping-taxable","18":"product-type-simple"},"spectra_custom_meta":{"rank_math_internal_links_processed":["1"],"_backorders":["no"],"_download_limit":["-1"],"_download_expiry":["-1"],"_downloadable":["no"],"_manage_stock":["no"],"_stock_status":["instock"],"_sold_individually":["no"],"_tax_class":[""],"_tax_status":["taxable"],"_virtual":["no"],"total_sales":["0"],"site-sidebar-layout":["default"],"theme-transparent-header-meta":["default"],"ast-site-content-layout":["default"],"site-content-style":["default"],"site-sidebar-style":["default"],"_top_nav_excluded":[""],"_cms_nav_minihome":[""],"wcml_sync_hash":["a:1:{s:15:\"postmeta_fields\";s:32:\"c59f5114091bf04189e66fa86ab3eefb\";}"],"attr_label_translations":["a:0:{}"],"_product_attributes":["a:0:{}"],"_default_attributes":["a:0:{}"],"_upsell_ids":["a:0:{}"],"_crosssell_ids":["a:0:{}"],"_children":["a:0:{}"],"_thumbnail_id":["3382"],"_last_translation_edit_mode":["native-editor"],"_edit_lock":["1735997588:1"],"rank_math_seo_score":["8"],"_edit_last":["1"],"_wcml_average_rating":[null],"_wcml_review_count":[null],"_wcml_rating_count":[null],"_stock":[null],"_wc_average_rating":["0"],"_wc_review_count":["0"],"_product_version":["9.5.1"],"rank_math_primary_product_cat":["0"],"astra-migrate-meta-layouts":["set"],"_wpml_media_duplicate":["1"],"_wpml_media_featured":["1"],"astra_style_timestamp_css":["1775014371"]},"uagb_featured_image_src":{"full":["https:\/\/aykasa.com\/wp-content\/uploads\/2024\/12\/midi-box-economy-50-40-16-2.jpg",1200,1200,false],"thumbnail":["https:\/\/aykasa.com\/wp-content\/uploads\/2024\/12\/midi-box-economy-50-40-16-2-150x150.jpg",150,150,true],"medium":["https:\/\/aykasa.com\/wp-content\/uploads\/2024\/12\/midi-box-economy-50-40-16-2-300x300.jpg",300,300,true],"medium_large":["https:\/\/aykasa.com\/wp-content\/uploads\/2024\/12\/midi-box-economy-50-40-16-2-768x768.jpg",768,768,true],"large":["https:\/\/aykasa.com\/wp-content\/uploads\/2024\/12\/midi-box-economy-50-40-16-2-1024x1024.jpg",1024,1024,true],"1536x1536":["https:\/\/aykasa.com\/wp-content\/uploads\/2024\/12\/midi-box-economy-50-40-16-2.jpg",1200,1200,false],"2048x2048":["https:\/\/aykasa.com\/wp-content\/uploads\/2024\/12\/midi-box-economy-50-40-16-2.jpg",1200,1200,false],"woocommerce_thumbnail":["https:\/\/aykasa.com\/wp-content\/uploads\/2024\/12\/midi-box-economy-50-40-16-2-300x300.jpg",300,300,true],"woocommerce_single":["https:\/\/aykasa.com\/wp-content\/uploads\/2024\/12\/midi-box-economy-50-40-16-2-600x600.jpg",600,600,true],"woocommerce_gallery_thumbnail":["https:\/\/aykasa.com\/wp-content\/uploads\/2024\/12\/midi-box-economy-50-40-16-2-100x100.jpg",100,100,true]},"uagb_author_info":{"display_name":"Murat B","author_link":"https:\/\/aykasa.com\/es\/author\/"},"uagb_comment_info":0,"uagb_excerpt":"Esta dimensi\u00f3n se produce en los pedidos de log\u00edstica alimentaria B2B y no est\u00e1 activa en los art\u00edculos propios. Midi-Box (Econ\u00f3mica) Dimensiones exteriores (mm)(I x An x Al) 500 x 400 x 160 Dimensiones interiores (mm) (I x An x Al) 476 x 376 x 155 Altura de la caja plegada (mm) 27 Volumen (lt)&hellip;","_links":{"self":[{"href":"https:\/\/aykasa.com\/es\/wp-json\/wp\/v2\/product\/3380","targetHints":{"allow":["GET"]}}],"collection":[{"href":"https:\/\/aykasa.com\/es\/wp-json\/wp\/v2\/product"}],"about":[{"href":"https:\/\/aykasa.com\/es\/wp-json\/wp\/v2\/types\/product"}],"wp:featuredmedia":[{"embeddable":true,"href":"https:\/\/aykasa.com\/es\/wp-json\/wp\/v2\/media\/3382"}],"wp:attachment":[{"href":"https:\/\/aykasa.com\/es\/wp-json\/wp\/v2\/media?parent=3380"}],"wp:term":[{"taxonomy":"product_brand","embeddable":true,"href":"https:\/\/aykasa.com\/es\/wp-json\/wp\/v2\/product_brand?post=3380"},{"taxonomy":"product_cat","embeddable":true,"href":"https:\/\/aykasa.com\/es\/wp-json\/wp\/v2\/product_cat?post=3380"},{"taxonomy":"product_tag","embeddable":true,"href":"https:\/\/aykasa.com\/es\/wp-json\/wp\/v2\/product_tag?post=3380"}],"curies":[{"name":"wp","href":"https:\/\/api.w.org\/{rel}","templated":true}]}}