{"id":3356,"date":"2024-12-10T19:17:38","date_gmt":"2024-12-10T19:17:38","guid":{"rendered":"https:\/\/aykasa.com\/product\/caja-maxi-comfort-lock-60x40x15\/"},"modified":"2025-01-04T13:28:02","modified_gmt":"2025-01-04T13:28:02","slug":"caja-maxi-comfort-lock-60x40x15","status":"publish","type":"product","link":"https:\/\/aykasa.com\/es\/product\/caja-maxi-comfort-lock-60x40x15\/","title":{"rendered":"Caja Maxi Comfort Lock 60x40x15"},"content":{"rendered":"<p>El sistema de cierre m\u00e1s c\u00f3modo y pr\u00e1ctico para tu Aykasa. Puedes plegar y desplegar f\u00e1cilmente tu Aykasa en 2 segundos con s\u00f3lo la fuerza de un dedo.<br \/>\nLos laterales de la caja se bloquean al abrirse. Si abres y pliegas con frecuencia tu caja fuerte, \u00a1este mecanismo es para ti! Las cajas fuertes plegables Aykasa est\u00e1n dise\u00f1adas para la organizaci\u00f3n y el almacenamiento creativos en el hogar. Las diferentes alternativas de tama\u00f1o son adecuadas para un uso funcional, y las diferentes alternativas de color son para tu placer est\u00e9tico. En los casos en que no las utilices activamente, las cajas plegables ahorran espacio al plegarse. Se pueden apilar unas sobre otras y son duraderas bajo grandes pesos. Puedes utilizarlas en casa, en la oficina, en la naturaleza, en el coche, en el almac\u00e9n \u00a1y en cualquier lugar que se te ocurra! Ecol\u00f3gico: fabricado con material 100% reciclable (PP)<br \/>\nNo contiene sustancias nocivas, seguro para los ni\u00f1os<br \/>\nCumple las normas de seguridad alimentaria de la UE<br \/>\nPlegable, apilable y duradero<br \/>\nTodos los cristales son extra\u00edbles y lavables.   <\/p>\n","protected":false},"excerpt":{"rendered":"<table class=\"table table-striped\" style=\"font-size: 15px;\">\n<thead>\n<tr>\n<th scope=\"col\">Maxi-Caja Comfort Lock<\/th>\n<th scope=\"col\"><\/th>\n<\/tr>\n<\/thead>\n<tbody>\n<tr>\n<th scope=\"row\">Dimensiones exteriores (mm)(I x An x Al)<\/th>\n<td>600 x 400 x 156<\/td>\n<\/tr>\n<tr>\n<th scope=\"row\">Dimensiones interiores (mm) (I x An x Al)<\/th>\n<td>570 x 370 x 146<\/td>\n<\/tr>\n<tr>\n<th scope=\"row\">Altura de la caja plegada (mm)<\/th>\n<td>36<\/td>\n<\/tr>\n<tr>\n<th scope=\"row\">Volumen (lt)<\/th>\n<td>30,79<\/td>\n<\/tr>\n<tr>\n<th scope=\"row\">Capacidad de carga (kg)<\/th>\n<td>15<\/td>\n<\/tr>\n<tr>\n<th scope=\"row\">Peso de tara (gr)<\/th>\n<td>1,6505<\/td>\n<\/tr>\n<tr>\n<th scope=\"row\">Capas**<\/th>\n<td>15<\/td>\n<\/tr>\n<tr>\n<th scope=\"row\">Capas en el Europalet cuando est\u00e1 plegado<\/th>\n<td>60<\/td>\n<\/tr>\n<tr>\n<th scope=\"row\">Capas en la paleta ISO cuando est\u00e1 plegada<\/th>\n<td>6700<\/td>\n<\/tr>\n<tr>\n<th scope=\"row\">Unidades de cajas plegadas en europalet**<\/th>\n<td>260<\/td>\n<\/tr>\n<tr>\n<th scope=\"row\">Unidades de cajas plegadas en palet ISO**<\/th>\n<td>325<\/td>\n<\/tr>\n<tr>\n<th scope=\"row\">Espacio ahorrado al plegarlo (%)<\/th>\n<td>76<\/td>\n<\/tr>\n<tr>\n<th scope=\"row\">Unidades de cajas plegadas en cami\u00f3n<\/th>\n<td>8.712<\/td>\n<\/tr>\n<tr>\n<th scope=\"row\">Contenedor 40 HC<\/th>\n<td>7.370<\/td>\n<\/tr>\n<tr>\n<th scope=\"row\">Contenedor 40 CC<\/th>\n<td>6.490<\/td>\n<\/tr>\n<tr>\n<th scope=\"row\">Contenedor 20 CC<\/th>\n<td>2.950<\/td>\n<\/tr>\n<tr>\n<th scope=\"row\">* +\/- Tolerancia<\/th>\n<td><\/td>\n<\/tr>\n<tr>\n<th scope=\"row\">** Altura de la paleta (cm)<\/th>\n<td>260<\/td>\n<\/tr>\n<\/tbody>\n<\/table>\n","protected":false},"featured_media":3358,"template":"","meta":{"_uag_custom_page_level_css":"","site-sidebar-layout":"default","site-content-layout":"","ast-site-content-layout":"default","site-content-style":"default","site-sidebar-style":"default","ast-global-header-display":"","ast-banner-title-visibility":"","ast-main-header-display":"","ast-hfb-above-header-display":"","ast-hfb-below-header-display":"","ast-hfb-mobile-header-display":"","site-post-title":"","ast-breadcrumbs-content":"","ast-featured-img":"","footer-sml-layout":"","ast-disable-related-posts":"","theme-transparent-header-meta":"default","adv-header-id-meta":"","stick-header-meta":"","header-above-stick-meta":"","header-main-stick-meta":"","header-below-stick-meta":"","astra-migrate-meta-layouts":"set","ast-page-background-enabled":"default","ast-page-background-meta":{"desktop":{"background-color":"","background-image":"","background-repeat":"repeat","background-position":"center center","background-size":"auto","background-attachment":"scroll","background-type":"","background-media":"","overlay-type":"","overlay-color":"","overlay-opacity":"","overlay-gradient":""},"tablet":{"background-color":"","background-image":"","background-repeat":"repeat","background-position":"center center","background-size":"auto","background-attachment":"scroll","background-type":"","background-media":"","overlay-type":"","overlay-color":"","overlay-opacity":"","overlay-gradient":""},"mobile":{"background-color":"","background-image":"","background-repeat":"repeat","background-position":"center center","background-size":"auto","background-attachment":"scroll","background-type":"","background-media":"","overlay-type":"","overlay-color":"","overlay-opacity":"","overlay-gradient":""}},"ast-content-background-meta":{"desktop":{"background-color":"var(--ast-global-color-5)","background-image":"","background-repeat":"repeat","background-position":"center center","background-size":"auto","background-attachment":"scroll","background-type":"","background-media":"","overlay-type":"","overlay-color":"","overlay-opacity":"","overlay-gradient":""},"tablet":{"background-color":"var(--ast-global-color-5)","background-image":"","background-repeat":"repeat","background-position":"center center","background-size":"auto","background-attachment":"scroll","background-type":"","background-media":"","overlay-type":"","overlay-color":"","overlay-opacity":"","overlay-gradient":""},"mobile":{"background-color":"var(--ast-global-color-5)","background-image":"","background-repeat":"repeat","background-position":"center center","background-size":"auto","background-attachment":"scroll","background-type":"","background-media":"","overlay-type":"","overlay-color":"","overlay-opacity":"","overlay-gradient":""}}},"product_brand":[],"product_cat":[86,82],"product_tag":[],"class_list":{"0":"post-3356","1":"product","2":"type-product","3":"status-publish","4":"has-post-thumbnail","6":"product_cat-caja-grande-con-cerradura-confort","7":"product_cat-logistica-de-frutas-y-verduras","8":"desktop-align-left","9":"tablet-align-left","10":"mobile-align-left","11":"ast-product-gallery-layout-first-image-large","12":"ast-product-gallery-with-no-image","13":"ast-product-tabs-layout-horizontal","15":"first","16":"instock","17":"shipping-taxable","18":"product-type-simple"},"spectra_custom_meta":{"rank_math_internal_links_processed":["1"],"_backorders":["no"],"_download_limit":["-1"],"_download_expiry":["-1"],"_downloadable":["no"],"_manage_stock":["no"],"_stock_status":["instock"],"_sold_individually":["no"],"_tax_class":[""],"_tax_status":["taxable"],"_virtual":["no"],"total_sales":["0"],"site-sidebar-layout":["default"],"theme-transparent-header-meta":["default"],"ast-site-content-layout":["default"],"site-content-style":["default"],"site-sidebar-style":["default"],"_top_nav_excluded":[""],"_cms_nav_minihome":[""],"wcml_sync_hash":["a:1:{s:15:\"postmeta_fields\";s:32:\"75fc3f53c2b0f440c120d9b817be6db9\";}"],"attr_label_translations":["a:0:{}"],"_product_attributes":["a:0:{}"],"_default_attributes":["a:0:{}"],"_upsell_ids":["a:0:{}"],"_crosssell_ids":["a:0:{}"],"_children":["a:0:{}"],"_thumbnail_id":["3358"],"_last_translation_edit_mode":["native-editor"],"_edit_lock":["1735997593:1"],"rank_math_seo_score":["9"],"_edit_last":["1"],"_wcml_average_rating":[null],"_wcml_review_count":[null],"_wcml_rating_count":[null],"_stock":[null],"_wc_average_rating":["0"],"_wc_review_count":["0"],"_product_version":["9.5.1"],"rank_math_primary_product_cat":["0"],"astra-migrate-meta-layouts":["set"],"_wpml_media_duplicate":["1"],"_wpml_media_featured":["1"],"astra_style_timestamp_css":["1774557219"],"_uag_page_assets":["a:9:{s:3:\"css\";s:0:\"\";s:2:\"js\";s:0:\"\";s:18:\"current_block_list\";a:9:{i:0;s:11:\"core\/search\";i:1;s:10:\"core\/group\";i:2;s:12:\"core\/heading\";i:3;s:17:\"core\/latest-posts\";i:4;s:20:\"core\/latest-comments\";i:5;s:13:\"core\/archives\";i:6;s:15:\"core\/categories\";i:7;s:30:\"woocommerce\/product-categories\";i:8;s:18:\"core\/legacy-widget\";}s:8:\"uag_flag\";b:0;s:11:\"uag_version\";s:10:\"1776095330\";s:6:\"gfonts\";a:0:{}s:10:\"gfonts_url\";s:0:\"\";s:12:\"gfonts_files\";a:0:{}s:14:\"uag_faq_layout\";b:0;}"]},"uagb_featured_image_src":{"full":["https:\/\/aykasa.com\/wp-content\/uploads\/2024\/12\/maxi-box-60-40-15-comfort-lock-2.jpg",1200,1200,false],"thumbnail":["https:\/\/aykasa.com\/wp-content\/uploads\/2024\/12\/maxi-box-60-40-15-comfort-lock-2-150x150.jpg",150,150,true],"medium":["https:\/\/aykasa.com\/wp-content\/uploads\/2024\/12\/maxi-box-60-40-15-comfort-lock-2-300x300.jpg",300,300,true],"medium_large":["https:\/\/aykasa.com\/wp-content\/uploads\/2024\/12\/maxi-box-60-40-15-comfort-lock-2-768x768.jpg",768,768,true],"large":["https:\/\/aykasa.com\/wp-content\/uploads\/2024\/12\/maxi-box-60-40-15-comfort-lock-2-1024x1024.jpg",1024,1024,true],"1536x1536":["https:\/\/aykasa.com\/wp-content\/uploads\/2024\/12\/maxi-box-60-40-15-comfort-lock-2.jpg",1200,1200,false],"2048x2048":["https:\/\/aykasa.com\/wp-content\/uploads\/2024\/12\/maxi-box-60-40-15-comfort-lock-2.jpg",1200,1200,false],"woocommerce_thumbnail":["https:\/\/aykasa.com\/wp-content\/uploads\/2024\/12\/maxi-box-60-40-15-comfort-lock-2-300x300.jpg",300,300,true],"woocommerce_single":["https:\/\/aykasa.com\/wp-content\/uploads\/2024\/12\/maxi-box-60-40-15-comfort-lock-2-600x600.jpg",600,600,true],"woocommerce_gallery_thumbnail":["https:\/\/aykasa.com\/wp-content\/uploads\/2024\/12\/maxi-box-60-40-15-comfort-lock-2-100x100.jpg",100,100,true]},"uagb_author_info":{"display_name":"Murat B","author_link":"https:\/\/aykasa.com\/es\/author\/"},"uagb_comment_info":0,"uagb_excerpt":"Maxi-Caja Comfort Lock Dimensiones exteriores (mm)(I x An x Al) 600 x 400 x 156 Dimensiones interiores (mm) (I x An x Al) 570 x 370 x 146 Altura de la caja plegada (mm) 36 Volumen (lt) 30,79 Capacidad de carga (kg) 15 Peso de tara (gr) 1,6505 Capas** 15 Capas en el Europalet cuando&hellip;","_links":{"self":[{"href":"https:\/\/aykasa.com\/es\/wp-json\/wp\/v2\/product\/3356","targetHints":{"allow":["GET"]}}],"collection":[{"href":"https:\/\/aykasa.com\/es\/wp-json\/wp\/v2\/product"}],"about":[{"href":"https:\/\/aykasa.com\/es\/wp-json\/wp\/v2\/types\/product"}],"wp:featuredmedia":[{"embeddable":true,"href":"https:\/\/aykasa.com\/es\/wp-json\/wp\/v2\/media\/3358"}],"wp:attachment":[{"href":"https:\/\/aykasa.com\/es\/wp-json\/wp\/v2\/media?parent=3356"}],"wp:term":[{"taxonomy":"product_brand","embeddable":true,"href":"https:\/\/aykasa.com\/es\/wp-json\/wp\/v2\/product_brand?post=3356"},{"taxonomy":"product_cat","embeddable":true,"href":"https:\/\/aykasa.com\/es\/wp-json\/wp\/v2\/product_cat?post=3356"},{"taxonomy":"product_tag","embeddable":true,"href":"https:\/\/aykasa.com\/es\/wp-json\/wp\/v2\/product_tag?post=3356"}],"curies":[{"name":"wp","href":"https:\/\/api.w.org\/{rel}","templated":true}]}}