{"id":3239,"date":"2024-11-07T18:11:28","date_gmt":"2024-11-07T18:11:28","guid":{"rendered":"https:\/\/aykasa.com\/politica-de-privacidad\/"},"modified":"2025-01-04T13:17:14","modified_gmt":"2025-01-04T13:17:14","slug":"politica-de-privacidad","status":"publish","type":"page","link":"https:\/\/aykasa.com\/es\/politica-de-privacidad\/","title":{"rendered":"Pol\u00edtica de privacidad"},"content":{"rendered":"\n<p><strong>1.Almacenamiento y eliminaci\u00f3n de datos personales<\/strong><\/p>\n\n<p>Aykasa almacena los datos personales y los procesa durante los periodos determinados por la legislaci\u00f3n. El periodo de almacenamiento que requiera el tratamiento de acuerdo con las pr\u00e1cticas de la y las pr\u00e1cticas de la vida comercial, en funci\u00f3n de los servicios ofrecidos por Aykasa durante el tratamiento de dichos datos. Transcurrido dicho plazo, s\u00f3lo durante los periodos de tiempo requeridos en la pr\u00e1ctica para constituir prueba en posibles litigios judiciales. Tras la expiraci\u00f3n de los periodos especificados, los datos personales en cuesti\u00f3n se eliminan, destruyen o anonimizan.   <\/p>\n\n<p><strong>2.Derechos del Titular de los Datos Personales<\/strong><\/p>\n\n<p>Como titular de los datos personales recogidos, tratados y transferidos por Aykasa, si como destinatarios de nuestros servicios valorados, deseas hacer uso de los derechos que te asisten en virtud de este ep\u00edgrafe y\/o de la Ley de Protecci\u00f3n de Datos, de conformidad con los procedimientos y principios estipulados en el presente Texto Aclaratorio y en la legislaci\u00f3n, o bien puedes solicitarlo a Aykasa. En caso de solicitud, \u00e9sta se concluir\u00e1 de forma gratuita en un plazo m\u00e1ximo de treinta (30) d\u00edas h\u00e1biles, en funci\u00f3n de la naturaleza de la solicitud. Sin embargo, si la transacci\u00f3n requiere un coste separado para Aykasa, se podr\u00e1 solicitar la tasa que determine el Consejo de Protecci\u00f3n de Datos Personales.  <\/p>\n\n<p><strong>De acuerdo con la ley y la legislaci\u00f3n pertinente, puedes<\/strong><\/p>\n\n<ul class=\"wp-block-list\">\n<li>Saber si los datos personales se tratan o no,<\/li>\n\n\n\n<li>Solicitar informaci\u00f3n sobre los datos personales tratados,<\/li>\n\n\n\n<li>Acceder y solicitar datos sanitarios personales,<\/li>\n\n\n\n<li>Conocer la finalidad del tratamiento de los datos personales y si se utilizan de acuerdo con su finalidad,<\/li>\n\n\n\n<li>Conocer a los terceros a los que se transfieren datos personales en el pa\u00eds o en el extranjero,<\/li>\n\n\n\n<li>Solicitar la rectificaci\u00f3n de los datos personales en caso de tratamiento incompleto o incorrecto,<\/li>\n\n\n\n<li>Solicitar la supresi\u00f3n o destrucci\u00f3n de datos personales,<\/li>\n\n\n\n<li>Solicitar la notificaci\u00f3n a los terceros a los que se hayan transferido los datos personales, en relaci\u00f3n con la correcci\u00f3n de los datos personales y\/o la supresi\u00f3n o destrucci\u00f3n de los datos personales en caso de tratamiento incompleto o incorrecto de los datos personales,<\/li>\n\n\n\n<li>Oponerse a la aparici\u00f3n de un resultado contra la propia persona mediante el an\u00e1lisis de los datos procesados exclusivamente a trav\u00e9s de sistemas automatizados,<\/li>\n\n\n\n<li>Tienes derecho a exigir la reparaci\u00f3n del da\u00f1o en caso de p\u00e9rdida debida al tratamiento il\u00edcito de datos personales.<\/li>\n<\/ul>\n\n<ul class=\"wp-block-list\">\n<li>Tratamiento de datos personales con fines de investigaci\u00f3n, planificaci\u00f3n y estad\u00edstica, anonimiz\u00e1ndolos con las estad\u00edsticas oficiales.<\/li>\n\n\n\n<li>El tratamiento de datos personales con fines art\u00edsticos, hist\u00f3ricos, literarios o cient\u00edficos o en el \u00e1mbito de la libertad de expresi\u00f3n, siempre que no atente contra la defensa nacional, la seguridad nacional, la seguridad p\u00fablica, el orden p\u00fablico, la seguridad econ\u00f3mica, la intimidad de la vida privada o los derechos de la personalidad, ni constituya delito.<\/li>\n\n\n\n<li>Tratamiento de datos personales en el \u00e1mbito de las actividades de prevenci\u00f3n, protecci\u00f3n e inteligencia realizadas por instituciones p\u00fablicas y organizaciones autorizadas por la ley para garantizar la defensa nacional, la seguridad nacional, la seguridad p\u00fablica, el orden p\u00fablico o la seguridad econ\u00f3mica.<\/li>\n\n\n\n<li>Tratamiento de datos personales por autoridades judiciales o de ejecuci\u00f3n en relaci\u00f3n con procedimientos de investigaci\u00f3n, procesamiento, juicio o ejecuci\u00f3n.<\/li>\n<\/ul>\n\n<ul class=\"wp-block-list\">\n<li>El tratamiento de datos personales es necesario para la prevenci\u00f3n de delitos o para la investigaci\u00f3n penal.<\/li>\n\n\n\n<li>Tratamiento de datos personales hechos p\u00fablicos por el titular de los datos personales.<\/li>\n\n\n\n<li>El tratamiento de datos personales es necesario para la ejecuci\u00f3n de tareas de supervisi\u00f3n o regulaci\u00f3n y para la investigaci\u00f3n disciplinaria o enjuiciamiento por parte de instituciones y organizaciones p\u00fablicas autorizadas y organizaciones profesionales con car\u00e1cter de instituci\u00f3n p\u00fablica, bas\u00e1ndose en la autoridad otorgada por la ley.<\/li>\n\n\n\n<li>El tratamiento de datos personales es necesario para la protecci\u00f3n de los intereses econ\u00f3micos y financieros del Estado en materia presupuestaria, fiscal y financiera.<\/li>\n<\/ul>\n\n<p><strong>3.Seguridad de los datos y derecho a solicitarlos<\/strong><\/p>\n\n<p>Tus datos personales se protegen meticulosamente en el \u00e1mbito de las medidas t\u00e9cnicas y administrativas y se almacenan a un nivel adecuado a los posibles riesgos, teniendo en cuenta las medidas de seguridad necesarias y las posibilidades tecnol\u00f3gicas.<\/p>\n\n<p>Para determinar si la persona que presenta la solicitud a Aykasa es el titular de los datos personales, puede solicitar informaci\u00f3n al interesado, y para aclarar las cuestiones expuestas en la solicitud, puede formular una pregunta sobre la solicitud del titular de los datos personales. Aykasa puede rechazar la solicitud del solicitante en los siguientes casos, explicando el motivo, <\/p>\n\n<ul class=\"wp-block-list\">\n<li>Tratamiento de datos personales con fines de investigaci\u00f3n, planificaci\u00f3n y estad\u00edstica, anonimiz\u00e1ndolos con las estad\u00edsticas oficiales,<\/li>\n\n\n\n<li>Tratamiento de datos personales con fines art\u00edsticos, hist\u00f3ricos, literarios o cient\u00edficos o en el \u00e1mbito de la libertad de expresi\u00f3n, siempre que no atente contra la defensa nacional, la seguridad nacional, la seguridad p\u00fablica, el orden p\u00fablico, la seguridad econ\u00f3mica, la intimidad de la vida privada o los derechos de la personalidad, ni constituya delito,<\/li>\n\n\n\n<li>Tratamiento de datos personales en el \u00e1mbito de las actividades de prevenci\u00f3n, protecci\u00f3n e inteligencia realizadas por instituciones p\u00fablicas y organizaciones autorizadas por la ley para garantizar la defensa nacional, la seguridad nacional, la seguridad p\u00fablica, el orden p\u00fablico o la seguridad econ\u00f3mica,<\/li>\n\n\n\n<li>Tratamiento de datos personales por autoridades judiciales o de ejecuci\u00f3n en relaci\u00f3n con procedimientos de investigaci\u00f3n, procesamiento, juicio o ejecuci\u00f3n,<\/li>\n\n\n\n<li>El tratamiento de datos personales es necesario para la prevenci\u00f3n de delitos o para la investigaci\u00f3n penal,<\/li>\n\n\n\n<li>Tratamiento de datos personales hechos p\u00fablicos por el titular de los datos personales,<\/li>\n\n\n\n<li>El tratamiento de datos personales es necesario para la ejecuci\u00f3n de funciones de supervisi\u00f3n o regulaci\u00f3n y para la investigaci\u00f3n disciplinaria o el enjuiciamiento por parte de instituciones y organizaciones p\u00fablicas autorizadas y organizaciones profesionales con car\u00e1cter de instituci\u00f3n p\u00fablica, bas\u00e1ndose en la autoridad otorgada por la ley,<\/li>\n\n\n\n<li>El tratamiento de datos personales es necesario para la protecci\u00f3n de los intereses econ\u00f3micos y financieros del Estado en materia presupuestaria, fiscal y financiera,<\/li>\n\n\n\n<li>La posibilidad de que la solicitud del titular de los datos personales impida los derechos y libertades de otras personas,<\/li>\n\n\n\n<li>Hacer peticiones que requieran un esfuerzo desproporcionado,<\/li>\n\n\n\n<li>La informaci\u00f3n solicitada est\u00e1 a disposici\u00f3n del p\u00fablico.<\/li>\n<\/ul>\n\n<p><\/p>\n","protected":false},"excerpt":{"rendered":"<p>1.Almacenamiento y eliminaci\u00f3n de datos personales Aykasa almacena los datos personales y los procesa durante los periodos determinados por la legislaci\u00f3n. El periodo de almacenamiento que requiera el tratamiento de acuerdo con las pr\u00e1cticas de la y las pr\u00e1cticas de la vida comercial, en funci\u00f3n de los servicios ofrecidos por Aykasa durante el tratamiento de [&hellip;]<\/p>\n","protected":false},"author":1,"featured_media":0,"parent":0,"menu_order":0,"comment_status":"closed","ping_status":"open","template":"","meta":{"_uag_custom_page_level_css":"","site-sidebar-layout":"default","site-content-layout":"","ast-site-content-layout":"default","site-content-style":"default","site-sidebar-style":"default","ast-global-header-display":"","ast-banner-title-visibility":"","ast-main-header-display":"","ast-hfb-above-header-display":"","ast-hfb-below-header-display":"","ast-hfb-mobile-header-display":"","site-post-title":"","ast-breadcrumbs-content":"","ast-featured-img":"","footer-sml-layout":"","ast-disable-related-posts":"","theme-transparent-header-meta":"","adv-header-id-meta":"","stick-header-meta":"","header-above-stick-meta":"","header-main-stick-meta":"","header-below-stick-meta":"","astra-migrate-meta-layouts":"default","ast-page-background-enabled":"default","ast-page-background-meta":{"desktop":{"background-color":"","background-image":"","background-repeat":"repeat","background-position":"center center","background-size":"auto","background-attachment":"scroll","background-type":"","background-media":"","overlay-type":"","overlay-color":"","overlay-opacity":"","overlay-gradient":""},"tablet":{"background-color":"","background-image":"","background-repeat":"repeat","background-position":"center center","background-size":"auto","background-attachment":"scroll","background-type":"","background-media":"","overlay-type":"","overlay-color":"","overlay-opacity":"","overlay-gradient":""},"mobile":{"background-color":"","background-image":"","background-repeat":"repeat","background-position":"center center","background-size":"auto","background-attachment":"scroll","background-type":"","background-media":"","overlay-type":"","overlay-color":"","overlay-opacity":"","overlay-gradient":""}},"ast-content-background-meta":{"desktop":{"background-color":"var(--ast-global-color-5)","background-image":"","background-repeat":"repeat","background-position":"center center","background-size":"auto","background-attachment":"scroll","background-type":"","background-media":"","overlay-type":"","overlay-color":"","overlay-opacity":"","overlay-gradient":""},"tablet":{"background-color":"var(--ast-global-color-5)","background-image":"","background-repeat":"repeat","background-position":"center center","background-size":"auto","background-attachment":"scroll","background-type":"","background-media":"","overlay-type":"","overlay-color":"","overlay-opacity":"","overlay-gradient":""},"mobile":{"background-color":"var(--ast-global-color-5)","background-image":"","background-repeat":"repeat","background-position":"center center","background-size":"auto","background-attachment":"scroll","background-type":"","background-media":"","overlay-type":"","overlay-color":"","overlay-opacity":"","overlay-gradient":""}},"footnotes":""},"class_list":["post-3239","page","type-page","status-publish","hentry"],"spectra_custom_meta":{"rank_math_internal_links_processed":["1"],"ast-main-header-display":[""],"ast-hfb-above-header-display":[""],"ast-hfb-below-header-display":[""],"ast-hfb-mobile-header-display":[""],"adv-header-id-meta":[""],"footer-sml-layout":[""],"stick-header-meta":[""],"header-main-stick-meta":[""],"header-above-stick-meta":[""],"header-below-stick-meta":[""],"site-post-title":[""],"site-sidebar-layout":["default"],"site-content-layout":[""],"ast-featured-img":[""],"ast-breadcrumbs-content":[""],"theme-transparent-header-meta":[""],"ast-banner-title-visibility":[""],"ast-global-header-display":[""],"ast-site-content-layout":["default"],"site-content-style":["default"],"site-sidebar-style":["default"],"_top_nav_excluded":[""],"_cms_nav_minihome":[""],"_wp_page_template":["default"],"_last_translation_edit_mode":["translation-editor"],"_edit_last":["1"],"_edit_lock":["1735996635:1"],"astra_style_timestamp_css":["1775188438"],"_uag_page_assets":["a:9:{s:3:\"css\";s:0:\"\";s:2:\"js\";s:0:\"\";s:18:\"current_block_list\";a:12:{i:0;s:14:\"core\/paragraph\";i:1;s:9:\"core\/list\";i:2;s:14:\"core\/list-item\";i:3;s:11:\"core\/search\";i:4;s:10:\"core\/group\";i:5;s:12:\"core\/heading\";i:6;s:17:\"core\/latest-posts\";i:7;s:20:\"core\/latest-comments\";i:8;s:13:\"core\/archives\";i:9;s:15:\"core\/categories\";i:10;s:30:\"woocommerce\/product-categories\";i:11;s:18:\"core\/legacy-widget\";}s:8:\"uag_flag\";b:0;s:11:\"uag_version\";s:10:\"1776086511\";s:6:\"gfonts\";a:0:{}s:10:\"gfonts_url\";s:0:\"\";s:12:\"gfonts_files\";a:0:{}s:14:\"uag_faq_layout\";b:0;}"]},"uagb_featured_image_src":{"full":false,"thumbnail":false,"medium":false,"medium_large":false,"large":false,"1536x1536":false,"2048x2048":false,"woocommerce_thumbnail":false,"woocommerce_single":false,"woocommerce_gallery_thumbnail":false},"uagb_author_info":{"display_name":"Murat B","author_link":"https:\/\/aykasa.com\/es\/author\/bitekyazilim\/"},"uagb_comment_info":0,"uagb_excerpt":"1.Almacenamiento y eliminaci\u00f3n de datos personales Aykasa almacena los datos personales y los procesa durante los periodos determinados por la legislaci\u00f3n. El periodo de almacenamiento que requiera el tratamiento de acuerdo con las pr\u00e1cticas de la y las pr\u00e1cticas de la vida comercial, en funci\u00f3n de los servicios ofrecidos por Aykasa durante el tratamiento de&hellip;","_links":{"self":[{"href":"https:\/\/aykasa.com\/es\/wp-json\/wp\/v2\/pages\/3239","targetHints":{"allow":["GET"]}}],"collection":[{"href":"https:\/\/aykasa.com\/es\/wp-json\/wp\/v2\/pages"}],"about":[{"href":"https:\/\/aykasa.com\/es\/wp-json\/wp\/v2\/types\/page"}],"author":[{"embeddable":true,"href":"https:\/\/aykasa.com\/es\/wp-json\/wp\/v2\/users\/1"}],"replies":[{"embeddable":true,"href":"https:\/\/aykasa.com\/es\/wp-json\/wp\/v2\/comments?post=3239"}],"version-history":[{"count":2,"href":"https:\/\/aykasa.com\/es\/wp-json\/wp\/v2\/pages\/3239\/revisions"}],"predecessor-version":[{"id":3241,"href":"https:\/\/aykasa.com\/es\/wp-json\/wp\/v2\/pages\/3239\/revisions\/3241"}],"wp:attachment":[{"href":"https:\/\/aykasa.com\/es\/wp-json\/wp\/v2\/media?parent=3239"}],"curies":[{"name":"wp","href":"https:\/\/api.w.org\/{rel}","templated":true}]}}